{"id":19112,"date":"2020-11-05T12:58:57","date_gmt":"2020-11-05T11:58:57","guid":{"rendered":"https:\/\/etilog.com\/tugger-train-intralogistics\/"},"modified":"2021-09-24T16:02:29","modified_gmt":"2021-09-24T14:02:29","slug":"routenzug-intralogistik","status":"publish","type":"page","link":"https:\/\/etilog.com\/de\/routenzug-intralogistik\/","title":{"rendered":"Routenzug &#038; Intralogistik"},"content":{"rendered":"\t\t<div data-elementor-type=\"wp-page\" data-elementor-id=\"19112\" class=\"elementor elementor-19112\">\n\t\t\t\t\t\t\t        <section class=\"elementor-section elementor-top-section elementor-element elementor-element-a481a50 elementor-section-height-min-height elementor-section-stretched elementor-section-boxed elementor-section-height-default elementor-section-items-middle\" data-id=\"a481a50\" data-element_type=\"section\" data-settings=\"{&quot;stretch_section&quot;:&quot;section-stretched&quot;,&quot;background_background&quot;:&quot;classic&quot;,&quot;_ha_eqh_enable&quot;:false}\">\n            \n                        <div class=\"elementor-container elementor-column-gap-default \">\n                    <div class=\"elementor-column elementor-col-50 elementor-top-column elementor-element elementor-element-920cd93\" data-id=\"920cd93\" data-element_type=\"column\">\n            <div class=\"elementor-widget-wrap elementor-element-populated\">\n                        \t\t<div class=\"elementor-element elementor-element-726e60a elementor-invisible elementor-widget elementor-widget-heading\" data-id=\"726e60a\" data-element_type=\"widget\" data-settings=\"{&quot;_animation&quot;:&quot;slideInLeft&quot;}\" data-widget_type=\"heading.default\">\n\t\t\t\t<div class=\"elementor-widget-container\">\n\t\t\t<style>\/*! elementor - v3.8.0 - 30-10-2022 *\/\n.elementor-heading-title{padding:0;margin:0;line-height:1}.elementor-widget-heading .elementor-heading-title[class*=elementor-size-]>a{color:inherit;font-size:inherit;line-height:inherit}.elementor-widget-heading .elementor-heading-title.elementor-size-small{font-size:15px}.elementor-widget-heading .elementor-heading-title.elementor-size-medium{font-size:19px}.elementor-widget-heading .elementor-heading-title.elementor-size-large{font-size:29px}.elementor-widget-heading .elementor-heading-title.elementor-size-xl{font-size:39px}.elementor-widget-heading .elementor-heading-title.elementor-size-xxl{font-size:59px}<\/style><h2 class=\"elementor-heading-title elementor-size-default\">Routenzug \/ Intralogistik<\/h2>\t\t<\/div>\n\t\t\t\t<\/div>\n\t\t\t\t<div class=\"elementor-element elementor-element-bdb8c1e elementor-invisible elementor-widget elementor-widget-ct_heading\" data-id=\"bdb8c1e\" data-element_type=\"widget\" data-settings=\"{&quot;_animation&quot;:&quot;slideInLeft&quot;}\" data-widget_type=\"ct_heading.default\">\n\t\t\t\t<div class=\"elementor-widget-container\">\n\t\t\t<div class=\"ct-heading h-align-  sub-style1 ct-heading-left item-st-default\">\n\t\t\t<div class=\"item--sub-title style1 show-line\">\n                        Perfekt f\u00fcr Ihren innerbetrieblichen Transport                                <\/div>\n\t    <h3 class=\"item--title st-default \" data-wow-delay=\"ms\">\n                <span>\n            \n            \n                    <\/span>\n            <\/h3>\n<\/div>\t\t<\/div>\n\t\t\t\t<\/div>\n\t\t\t\t<div class=\"elementor-element elementor-element-b4ff245 justify-etilog elementor-invisible elementor-widget elementor-widget-text-editor\" data-id=\"b4ff245\" data-element_type=\"widget\" data-settings=\"{&quot;_animation&quot;:&quot;slideInLeft&quot;}\" data-widget_type=\"text-editor.default\">\n\t\t\t\t<div class=\"elementor-widget-container\">\n\t\t\t<style>\/*! elementor - v3.8.0 - 30-10-2022 *\/\n.elementor-widget-text-editor.elementor-drop-cap-view-stacked .elementor-drop-cap{background-color:#818a91;color:#fff}.elementor-widget-text-editor.elementor-drop-cap-view-framed .elementor-drop-cap{color:#818a91;border:3px solid;background-color:transparent}.elementor-widget-text-editor:not(.elementor-drop-cap-view-default) .elementor-drop-cap{margin-top:8px}.elementor-widget-text-editor:not(.elementor-drop-cap-view-default) .elementor-drop-cap-letter{width:1em;height:1em}.elementor-widget-text-editor .elementor-drop-cap{float:left;text-align:center;line-height:1;font-size:50px}.elementor-widget-text-editor .elementor-drop-cap-letter{display:inline-block}<\/style>\t\t\t\t<p style=\"text-align: justify;\">Textile Gefache und Bauteileaufnahmen eignen sich auch hervorragend zur Konstruktion und Herstellung von innerbetrieblichen Beh\u00e4ltern, Routenzug- und Handschiebew\u00e4gen. Durch die flexible, werkzeugfreie Formgebung k\u00f6nnen auch Kleinserien \u00e4u\u00dferst kosteneffi zient und hochindividuell hergestellt werden. Gerne entwickeln und fertigen wir auch Gefache f\u00fcr Ihre bestehenden Rohrsteck- oder Aluprofilsysteme.<\/p>\t\t\t\t\t\t<\/div>\n\t\t\t\t<\/div>\n\t\t        <section class=\"elementor-section elementor-inner-section elementor-element elementor-element-4de0b1c elementor-section-boxed elementor-section-height-default elementor-section-height-default\" data-id=\"4de0b1c\" data-element_type=\"section\" data-settings=\"{&quot;_ha_eqh_enable&quot;:false}\">\n            \n                        <div class=\"elementor-container elementor-column-gap-default \">\n                    <div class=\"elementor-column elementor-col-100 elementor-inner-column elementor-element elementor-element-3726f1a\" data-id=\"3726f1a\" data-element_type=\"column\">\n            <div class=\"elementor-widget-wrap elementor-element-populated\">\n                        \t\t<div class=\"elementor-element elementor-element-63d4063 elementor-invisible elementor-widget elementor-widget-ct_heading\" data-id=\"63d4063\" data-element_type=\"widget\" data-settings=\"{&quot;_animation&quot;:&quot;slideInLeft&quot;}\" data-widget_type=\"ct_heading.default\">\n\t\t\t\t<div class=\"elementor-widget-container\">\n\t\t\t<div class=\"ct-heading h-align-  sub-style1 ct-heading-left item-st-default\">\n\t\t\t<div class=\"item--sub-title style1 show-line\">\n                        Vorteile                                <\/div>\n\t    <h3 class=\"item--title st-default \" data-wow-delay=\"ms\">\n                <span>\n            \n            \n                    <\/span>\n            <\/h3>\n<\/div>\t\t<\/div>\n\t\t\t\t<\/div>\n\t\t\t\t<div class=\"elementor-element elementor-element-033a43e elementor-widget elementor-widget-ct_progressbar\" data-id=\"033a43e\" data-element_type=\"widget\" data-widget_type=\"ct_progressbar.default\">\n\t\t\t\t<div class=\"elementor-widget-container\">\n\t\t\t    <div class=\"ct-progressbar ct-progressbar3\">\n                    \n            <div class=\"ct-progress-item\">\n                <div class=\"ct-progress-meta\">\n                                            <span class=\"ct-progress-title\">Flexibilit\u00e4t Umbeh\u00e4lter<\/span>\n                                    <\/div>\n                <div class=\"ct-progress-holder\">\n                    <div class=\"ct-progress-bar\" role=\"progressbar\" data-valuetransitiongoal=\"100\">\n                        <div class=\"ct-progress-percentage\">100%<\/div>\n                    <\/div>\n                <\/div>\n            <\/div>\n            <\/div>\n\t\t<\/div>\n\t\t\t\t<\/div>\n\t\t\t\t<div class=\"elementor-element elementor-element-7505690 elementor-widget elementor-widget-ct_progressbar\" data-id=\"7505690\" data-element_type=\"widget\" data-widget_type=\"ct_progressbar.default\">\n\t\t\t\t<div class=\"elementor-widget-container\">\n\t\t\t    <div class=\"ct-progressbar ct-progressbar3\">\n                    \n            <div class=\"ct-progress-item\">\n                <div class=\"ct-progress-meta\">\n                                            <span class=\"ct-progress-title\">Flexibilit\u00e4t Innenleben<\/span>\n                                    <\/div>\n                <div class=\"ct-progress-holder\">\n                    <div class=\"ct-progress-bar\" role=\"progressbar\" data-valuetransitiongoal=\"100\">\n                        <div class=\"ct-progress-percentage\">100%<\/div>\n                    <\/div>\n                <\/div>\n            <\/div>\n            <\/div>\n\t\t<\/div>\n\t\t\t\t<\/div>\n\t\t\t\t<div class=\"elementor-element elementor-element-dcb2784 elementor-widget elementor-widget-ct_progressbar\" data-id=\"dcb2784\" data-element_type=\"widget\" data-widget_type=\"ct_progressbar.default\">\n\t\t\t\t<div class=\"elementor-widget-container\">\n\t\t\t    <div class=\"ct-progressbar ct-progressbar3\">\n                    \n            <div class=\"ct-progress-item\">\n                <div class=\"ct-progress-meta\">\n                                            <span class=\"ct-progress-title\">Preis<\/span>\n                                    <\/div>\n                <div class=\"ct-progress-holder\">\n                    <div class=\"ct-progress-bar\" role=\"progressbar\" data-valuetransitiongoal=\"80\">\n                        <div class=\"ct-progress-percentage\">80%<\/div>\n                    <\/div>\n                <\/div>\n            <\/div>\n            <\/div>\n\t\t<\/div>\n\t\t\t\t<\/div>\n\t\t            <\/div>\n        <\/div>\n                            <\/div>\n        <\/section>\n                    <\/div>\n        <\/div>\n                <div class=\"elementor-column elementor-col-50 elementor-top-column elementor-element elementor-element-72b4e90 elementor-invisible\" data-id=\"72b4e90\" data-element_type=\"column\" data-settings=\"{&quot;animation&quot;:&quot;slideInRight&quot;}\">\n            <div class=\"elementor-widget-wrap elementor-element-populated\">\n                        \t\t<div class=\"elementor-element elementor-element-8eea630 elementor-widget elementor-widget-image\" data-id=\"8eea630\" data-element_type=\"widget\" data-widget_type=\"image.default\">\n\t\t\t\t<div class=\"elementor-widget-container\">\n\t\t\t<style>\/*! elementor - v3.8.0 - 30-10-2022 *\/\n.elementor-widget-image{text-align:center}.elementor-widget-image a{display:inline-block}.elementor-widget-image a img[src$=\".svg\"]{width:48px}.elementor-widget-image img{vertical-align:middle;display:inline-block}<\/style>\t\t\t\t\t\t\t\t\t\t\t\t<img decoding=\"async\" width=\"620\" height=\"460\" src=\"https:\/\/etilog.com\/wumeecir\/tugger-aside.png\" class=\"attachment-large size-large\" alt=\"\" srcset=\"https:\/\/etilog.com\/wumeecir\/tugger-aside.png 620w, https:\/\/etilog.com\/wumeecir\/tugger-aside-300x223.png 300w\" sizes=\"(max-width: 620px) 100vw, 620px\" \/>\t\t\t\t\t\t\t\t\t\t\t\t\t\t\t<\/div>\n\t\t\t\t<\/div>\n\t\t            <\/div>\n        <\/div>\n                            <\/div>\n        <\/section>\n                <section class=\"elementor-section elementor-top-section elementor-element elementor-element-411d57f elementor-section-height-min-height elementor-section-stretched elementor-section-boxed elementor-section-height-default elementor-section-items-middle\" data-id=\"411d57f\" data-element_type=\"section\" data-settings=\"{&quot;stretch_section&quot;:&quot;section-stretched&quot;,&quot;background_background&quot;:&quot;classic&quot;,&quot;_ha_eqh_enable&quot;:false}\">\n            \n                        <div class=\"elementor-container elementor-column-gap-default \">\n                    <div class=\"elementor-column elementor-col-100 elementor-top-column elementor-element elementor-element-e88794b elementor-invisible\" data-id=\"e88794b\" data-element_type=\"column\" data-settings=\"{&quot;animation&quot;:&quot;slideInLeft&quot;}\">\n            <div class=\"elementor-widget-wrap elementor-element-populated\">\n                        \t\t<div class=\"elementor-element elementor-element-1aebec0 elementor-widget elementor-widget-heading\" data-id=\"1aebec0\" data-element_type=\"widget\" data-widget_type=\"heading.default\">\n\t\t\t\t<div class=\"elementor-widget-container\">\n\t\t\t<h2 class=\"elementor-heading-title elementor-size-default\">Routenzug \/ Intralogistik<\/h2>\t\t<\/div>\n\t\t\t\t<\/div>\n\t\t\t\t<div class=\"elementor-element elementor-element-86fef2e elementor-widget elementor-widget-ct_heading\" data-id=\"86fef2e\" data-element_type=\"widget\" data-widget_type=\"ct_heading.default\">\n\t\t\t\t<div class=\"elementor-widget-container\">\n\t\t\t<div class=\"ct-heading h-align-  sub-style1 ct-heading-left item-st-default\">\n\t\t\t<div class=\"item--sub-title style1 show-line\">\n                        L\u00f6sungen made by ETILOG                                <\/div>\n\t    <h3 class=\"item--title st-default \" data-wow-delay=\"ms\">\n                <span>\n            \n            \n                    <\/span>\n            <\/h3>\n<\/div>\t\t<\/div>\n\t\t\t\t<\/div>\n\t\t\t\t<div class=\"elementor-element elementor-element-a5aa0be elementor-grid-4 elementor-grid-tablet-2 elementor-grid-mobile-1 elementor-widget elementor-widget-portfolio\" data-id=\"a5aa0be\" data-element_type=\"widget\" data-settings=\"{&quot;columns&quot;:&quot;4&quot;,&quot;item_ratio&quot;:{&quot;unit&quot;:&quot;px&quot;,&quot;size&quot;:0.79,&quot;sizes&quot;:[]},&quot;columns_tablet&quot;:&quot;2&quot;,&quot;columns_mobile&quot;:&quot;1&quot;,&quot;item_gap&quot;:{&quot;unit&quot;:&quot;px&quot;,&quot;size&quot;:&quot;&quot;,&quot;sizes&quot;:[]},&quot;row_gap&quot;:{&quot;unit&quot;:&quot;px&quot;,&quot;size&quot;:&quot;&quot;,&quot;sizes&quot;:[]}}\" data-widget_type=\"portfolio.default\">\n\t\t\t\t<div class=\"elementor-widget-container\">\n\t\t\t<link rel=\"stylesheet\" href=\"https:\/\/etilog.com\/thoothyw\/elementor-pro\/assets\/css\/widget-posts.min.css\">\t\t<div class=\"elementor-portfolio elementor-grid elementor-posts-container\">\n\t\t\t\t<article class=\"elementor-portfolio-item elementor-post  post-20217 case-study type-case-study status-publish has-post-thumbnail hentry\">\n\t\t\t<a class=\"elementor-post__thumbnail__link\" href=\"https:\/\/etilog.com\/de\/losung\/rear-seat-component-packing-solution\/\">\n\t\t\t\t<div class=\"elementor-portfolio-item__img elementor-post__thumbnail\">\n\t\t\t<img decoding=\"async\" width=\"700\" height=\"600\" src=\"https:\/\/etilog.com\/wumeecir\/FG100402_1.jpg\" class=\"attachment-full size-full\" alt=\"\" srcset=\"https:\/\/etilog.com\/wumeecir\/FG100402_1.jpg 700w, https:\/\/etilog.com\/wumeecir\/FG100402_1-300x257.jpg 300w\" sizes=\"(max-width: 700px) 100vw, 700px\" \/>\t\t<\/div>\n\t\t\t\t<div class=\"elementor-portfolio-item__overlay\">\n\t\t\t\t<h3 class=\"elementor-portfolio-item__title\">\n\t\tRear seat component packing solution\t\t<\/h3>\n\t\t\t\t<\/div>\n\t\t\t\t<\/a>\n\t\t<\/article>\n\t\t\t\t<article class=\"elementor-portfolio-item elementor-post  post-20225 case-study type-case-study status-publish has-post-thumbnail hentry case-study-category-english\">\n\t\t\t<a class=\"elementor-post__thumbnail__link\" href=\"https:\/\/etilog.com\/de\/losung\/interior-door-bottom-component-packing-solution\/\">\n\t\t\t\t<div class=\"elementor-portfolio-item__img elementor-post__thumbnail\">\n\t\t\t<img decoding=\"async\" width=\"700\" height=\"600\" src=\"https:\/\/etilog.com\/wumeecir\/FG100321_1.jpg\" class=\"attachment-full size-full\" alt=\"\" srcset=\"https:\/\/etilog.com\/wumeecir\/FG100321_1.jpg 700w, https:\/\/etilog.com\/wumeecir\/FG100321_1-300x257.jpg 300w\" sizes=\"(max-width: 700px) 100vw, 700px\" \/>\t\t<\/div>\n\t\t\t\t<div class=\"elementor-portfolio-item__overlay\">\n\t\t\t\t<h3 class=\"elementor-portfolio-item__title\">\n\t\tInterior door bottom component packing solution\t\t<\/h3>\n\t\t\t\t<\/div>\n\t\t\t\t<\/a>\n\t\t<\/article>\n\t\t\t\t<article class=\"elementor-portfolio-item elementor-post  post-20229 case-study type-case-study status-publish has-post-thumbnail hentry tag-tugger-de\">\n\t\t\t<a class=\"elementor-post__thumbnail__link\" href=\"https:\/\/etilog.com\/de\/losung\/interior-door-component-packing-solution\/\">\n\t\t\t\t<div class=\"elementor-portfolio-item__img elementor-post__thumbnail\">\n\t\t\t<img decoding=\"async\" width=\"700\" height=\"600\" src=\"https:\/\/etilog.com\/wumeecir\/FG100303_1.jpg\" class=\"attachment-full size-full\" alt=\"\" srcset=\"https:\/\/etilog.com\/wumeecir\/FG100303_1.jpg 700w, https:\/\/etilog.com\/wumeecir\/FG100303_1-300x257.jpg 300w\" sizes=\"(max-width: 700px) 100vw, 700px\" \/>\t\t<\/div>\n\t\t\t\t<div class=\"elementor-portfolio-item__overlay\">\n\t\t\t\t<h3 class=\"elementor-portfolio-item__title\">\n\t\tInterior door component packing solution\t\t<\/h3>\n\t\t\t\t<\/div>\n\t\t\t\t<\/a>\n\t\t<\/article>\n\t\t\t\t<article class=\"elementor-portfolio-item elementor-post  post-20239 case-study type-case-study status-publish has-post-thumbnail hentry\">\n\t\t\t<a class=\"elementor-post__thumbnail__link\" href=\"https:\/\/etilog.com\/de\/losung\/interior-door-component-sequencing-packing-solution\/\">\n\t\t\t\t<div class=\"elementor-portfolio-item__img elementor-post__thumbnail\">\n\t\t\t<img decoding=\"async\" width=\"700\" height=\"600\" src=\"https:\/\/etilog.com\/wumeecir\/FG100319_1.jpg\" class=\"attachment-full size-full\" alt=\"\" srcset=\"https:\/\/etilog.com\/wumeecir\/FG100319_1.jpg 700w, https:\/\/etilog.com\/wumeecir\/FG100319_1-300x257.jpg 300w\" sizes=\"(max-width: 700px) 100vw, 700px\" \/>\t\t<\/div>\n\t\t\t\t<div class=\"elementor-portfolio-item__overlay\">\n\t\t\t\t<h3 class=\"elementor-portfolio-item__title\">\n\t\tInterior door component sequencing packing solution\t\t<\/h3>\n\t\t\t\t<\/div>\n\t\t\t\t<\/a>\n\t\t<\/article>\n\t\t\t\t<article class=\"elementor-portfolio-item elementor-post  post-20242 case-study type-case-study status-publish has-post-thumbnail hentry\">\n\t\t\t<a class=\"elementor-post__thumbnail__link\" href=\"https:\/\/etilog.com\/de\/losung\/exterior-mirror-sequencing-packing-solution\/\">\n\t\t\t\t<div class=\"elementor-portfolio-item__img elementor-post__thumbnail\">\n\t\t\t<img decoding=\"async\" width=\"700\" height=\"600\" src=\"https:\/\/etilog.com\/wumeecir\/EA141900130_1.jpg\" class=\"attachment-full size-full\" alt=\"\" srcset=\"https:\/\/etilog.com\/wumeecir\/EA141900130_1.jpg 700w, https:\/\/etilog.com\/wumeecir\/EA141900130_1-300x257.jpg 300w\" sizes=\"(max-width: 700px) 100vw, 700px\" \/>\t\t<\/div>\n\t\t\t\t<div class=\"elementor-portfolio-item__overlay\">\n\t\t\t\t<h3 class=\"elementor-portfolio-item__title\">\n\t\tExterior mirror sequencing packing solution\t\t<\/h3>\n\t\t\t\t<\/div>\n\t\t\t\t<\/a>\n\t\t<\/article>\n\t\t\t\t<article class=\"elementor-portfolio-item elementor-post  post-20244 case-study type-case-study status-publish has-post-thumbnail hentry\">\n\t\t\t<a class=\"elementor-post__thumbnail__link\" href=\"https:\/\/etilog.com\/de\/losung\/interior-door-panel-component-intralogistics-packing-solution\/\">\n\t\t\t\t<div class=\"elementor-portfolio-item__img elementor-post__thumbnail\">\n\t\t\t<img decoding=\"async\" width=\"700\" height=\"600\" src=\"https:\/\/etilog.com\/wumeecir\/FG100261_1.jpg\" class=\"attachment-full size-full\" alt=\"\" srcset=\"https:\/\/etilog.com\/wumeecir\/FG100261_1.jpg 700w, https:\/\/etilog.com\/wumeecir\/FG100261_1-300x257.jpg 300w\" sizes=\"(max-width: 700px) 100vw, 700px\" \/>\t\t<\/div>\n\t\t\t\t<div class=\"elementor-portfolio-item__overlay\">\n\t\t\t\t<h3 class=\"elementor-portfolio-item__title\">\n\t\tInterior door panel component intralogistics packing solution\t\t<\/h3>\n\t\t\t\t<\/div>\n\t\t\t\t<\/a>\n\t\t<\/article>\n\t\t\t\t<article class=\"elementor-portfolio-item elementor-post  post-20246 case-study type-case-study status-publish has-post-thumbnail hentry\">\n\t\t\t<a class=\"elementor-post__thumbnail__link\" href=\"https:\/\/etilog.com\/de\/losung\/supermarket-goods-handling-solution\/\">\n\t\t\t\t<div class=\"elementor-portfolio-item__img elementor-post__thumbnail\">\n\t\t\t<img decoding=\"async\" width=\"700\" height=\"600\" src=\"https:\/\/etilog.com\/wumeecir\/FG100305_1.jpg\" class=\"attachment-full size-full\" alt=\"\" srcset=\"https:\/\/etilog.com\/wumeecir\/FG100305_1.jpg 700w, https:\/\/etilog.com\/wumeecir\/FG100305_1-300x257.jpg 300w\" sizes=\"(max-width: 700px) 100vw, 700px\" \/>\t\t<\/div>\n\t\t\t\t<div class=\"elementor-portfolio-item__overlay\">\n\t\t\t\t<h3 class=\"elementor-portfolio-item__title\">\n\t\tSupermarket goods handling solution\t\t<\/h3>\n\t\t\t\t<\/div>\n\t\t\t\t<\/a>\n\t\t<\/article>\n\t\t\t\t<article class=\"elementor-portfolio-item elementor-post  post-20258 case-study type-case-study status-publish has-post-thumbnail hentry\">\n\t\t\t<a class=\"elementor-post__thumbnail__link\" href=\"https:\/\/etilog.com\/de\/losung\/sequencing-packing-solution-an-interior-plastic-component\/\">\n\t\t\t\t<div class=\"elementor-portfolio-item__img elementor-post__thumbnail\">\n\t\t\t<img decoding=\"async\" width=\"700\" height=\"600\" src=\"https:\/\/etilog.com\/wumeecir\/FG100XXX_1.jpg\" class=\"attachment-full size-full\" alt=\"\" srcset=\"https:\/\/etilog.com\/wumeecir\/FG100XXX_1.jpg 700w, https:\/\/etilog.com\/wumeecir\/FG100XXX_1-300x257.jpg 300w\" sizes=\"(max-width: 700px) 100vw, 700px\" \/>\t\t<\/div>\n\t\t\t\t<div class=\"elementor-portfolio-item__overlay\">\n\t\t\t\t<h3 class=\"elementor-portfolio-item__title\">\n\t\tSequencing packing solution for an interior plastic component\t\t<\/h3>\n\t\t\t\t<\/div>\n\t\t\t\t<\/a>\n\t\t<\/article>\n\t\t\t\t<\/div>\n\t\t\t\t<\/div>\n\t\t\t\t<\/div>\n\t\t            <\/div>\n        <\/div>\n                            <\/div>\n        <\/section>\n                <section class=\"elementor-section elementor-top-section elementor-element elementor-element-a53a514 elementor-section-boxed elementor-section-height-default elementor-section-height-default\" data-id=\"a53a514\" data-element_type=\"section\" data-settings=\"{&quot;background_background&quot;:&quot;classic&quot;,&quot;_ha_eqh_enable&quot;:false}\">\n            \n                        <div class=\"elementor-container elementor-column-gap-default \">\n                    <div class=\"elementor-column elementor-col-50 elementor-top-column elementor-element elementor-element-4ff89fc\" data-id=\"4ff89fc\" data-element_type=\"column\">\n            <div class=\"elementor-widget-wrap elementor-element-populated\">\n                        \t\t<div class=\"elementor-element elementor-element-e53c197 elementor-widget elementor-widget-heading\" data-id=\"e53c197\" data-element_type=\"widget\" data-widget_type=\"heading.default\">\n\t\t\t\t<div class=\"elementor-widget-container\">\n\t\t\t<h2 class=\"elementor-heading-title elementor-size-default\">Erkunden Sie unsere L\u00f6sungsdatenbank mit allen Innovationen made by ETILOG<\/h2>\t\t<\/div>\n\t\t\t\t<\/div>\n\t\t            <\/div>\n        <\/div>\n                <div class=\"elementor-column elementor-col-50 elementor-top-column elementor-element elementor-element-d618215\" data-id=\"d618215\" data-element_type=\"column\">\n            <div class=\"elementor-widget-wrap elementor-element-populated\">\n                        \t\t<div class=\"elementor-element elementor-element-31ddc93 elementor-widget elementor-widget-ct_button\" data-id=\"31ddc93\" data-element_type=\"widget\" data-widget_type=\"ct_button.default\">\n\t\t\t\t<div class=\"elementor-widget-container\">\n\t\t\t<div class=\"ct-button-wrapper ct-button-layout1 icon- btn--inline \">\n            <span class=\"ct-icon-active\"><\/span>\n        <a href=\"\/de\/loesungen\/?platforms=Routenzug%20%26%20Intralogistik\" class=\"btn btn-effect icon-active btn-inline-block  \" data-wow-delay=\"ms\">\n                            <span class=\"ct-button-icon ct-align-icon-\">\n                            <\/span>\n                <span class=\"ct-button-text\">L\u00d6SUNGEN<\/span>\n    <\/a>\n<\/div>\t\t<\/div>\n\t\t\t\t<\/div>\n\t\t            <\/div>\n        <\/div>\n                            <\/div>\n        <\/section>\n        \t\t\t\t\t<\/div>\n\t\t","protected":false},"excerpt":{"rendered":"<p>Routenzug \/ Intralogistik Perfekt f\u00fcr Ihren innerbetrieblichen Transport Textile Gefache und Bauteileaufnahmen eignen sich auch hervorragend zur Konstruktion und Herstellung von innerbetrieblichen Beh\u00e4ltern, Routenzug- und Handschiebew\u00e4gen. Durch die flexible, werkzeugfreie Formgebung k\u00f6nnen auch Kleinserien \u00e4u\u00dferst kosteneffi zient und hochindividuell hergestellt werden. Gerne entwickeln und fertigen wir auch Gefache f\u00fcr Ihre bestehenden Rohrsteck- oder Aluprofilsysteme. Vorteile [&hellip;]<\/p>\n","protected":false},"author":11,"featured_media":0,"parent":0,"menu_order":0,"comment_status":"closed","ping_status":"closed","template":"","meta":{"_mi_skip_tracking":false,"footnotes":""},"class_list":["post-19112","page","type-page","status-publish","hentry"],"acf":[],"_links":{"self":[{"href":"https:\/\/etilog.com\/de\/wp-json\/wp\/v2\/pages\/19112","targetHints":{"allow":["GET"]}}],"collection":[{"href":"https:\/\/etilog.com\/de\/wp-json\/wp\/v2\/pages"}],"about":[{"href":"https:\/\/etilog.com\/de\/wp-json\/wp\/v2\/types\/page"}],"author":[{"embeddable":true,"href":"https:\/\/etilog.com\/de\/wp-json\/wp\/v2\/users\/11"}],"replies":[{"embeddable":true,"href":"https:\/\/etilog.com\/de\/wp-json\/wp\/v2\/comments?post=19112"}],"version-history":[{"count":1,"href":"https:\/\/etilog.com\/de\/wp-json\/wp\/v2\/pages\/19112\/revisions"}],"predecessor-version":[{"id":20331,"href":"https:\/\/etilog.com\/de\/wp-json\/wp\/v2\/pages\/19112\/revisions\/20331"}],"wp:attachment":[{"href":"https:\/\/etilog.com\/de\/wp-json\/wp\/v2\/media?parent=19112"}],"curies":[{"name":"wp","href":"https:\/\/api.w.org\/{rel}","templated":true}]}}