{"id":18998,"date":"2020-10-28T08:34:48","date_gmt":"2020-10-28T07:34:48","guid":{"rendered":"https:\/\/etilog.com\/development\/"},"modified":"2021-09-24T16:02:27","modified_gmt":"2021-09-24T14:02:27","slug":"entwicklung","status":"publish","type":"page","link":"https:\/\/etilog.com\/de\/entwicklung\/","title":{"rendered":"Entwicklung"},"content":{"rendered":"\t\t<div data-elementor-type=\"wp-page\" data-elementor-id=\"18998\" class=\"elementor elementor-18998\">\n\t\t\t\t\t\t\t        <section class=\"elementor-section elementor-top-section elementor-element elementor-element-b0336b8 elementor-section-stretched elementor-section-boxed elementor-section-height-default elementor-section-height-default\" data-id=\"b0336b8\" data-element_type=\"section\" data-settings=\"{&quot;stretch_section&quot;:&quot;section-stretched&quot;,&quot;_ha_eqh_enable&quot;:false}\">\n            \n                        <div class=\"elementor-container elementor-column-gap-default \">\n                    <div class=\"elementor-column elementor-col-50 elementor-top-column elementor-element elementor-element-4856f78 elementor-invisible\" data-id=\"4856f78\" data-element_type=\"column\" data-settings=\"{&quot;animation&quot;:&quot;slideInLeft&quot;}\">\n            <div class=\"elementor-widget-wrap elementor-element-populated\">\n                        \t\t<div class=\"elementor-element elementor-element-320011f elementor-invisible elementor-widget elementor-widget-heading\" data-id=\"320011f\" data-element_type=\"widget\" data-settings=\"{&quot;_animation&quot;:&quot;fadeIn&quot;}\" data-widget_type=\"heading.default\">\n\t\t\t\t<div class=\"elementor-widget-container\">\n\t\t\t<style>\/*! elementor - v3.8.0 - 30-10-2022 *\/\n.elementor-heading-title{padding:0;margin:0;line-height:1}.elementor-widget-heading .elementor-heading-title[class*=elementor-size-]>a{color:inherit;font-size:inherit;line-height:inherit}.elementor-widget-heading .elementor-heading-title.elementor-size-small{font-size:15px}.elementor-widget-heading .elementor-heading-title.elementor-size-medium{font-size:19px}.elementor-widget-heading .elementor-heading-title.elementor-size-large{font-size:29px}.elementor-widget-heading .elementor-heading-title.elementor-size-xl{font-size:39px}.elementor-widget-heading .elementor-heading-title.elementor-size-xxl{font-size:59px}<\/style><h2 class=\"elementor-heading-title elementor-size-default\">Entwicklung<br> Unser Ziel: die Perfekte Verpackung<\/h2>\t\t<\/div>\n\t\t\t\t<\/div>\n\t\t\t\t<div class=\"elementor-element elementor-element-8ef0705 elementor-widget elementor-widget-ct_heading\" data-id=\"8ef0705\" data-element_type=\"widget\" data-widget_type=\"ct_heading.default\">\n\t\t\t\t<div class=\"elementor-widget-container\">\n\t\t\t<div class=\"ct-heading h-align-  sub-style1 ct-heading-left item-st-default\">\n\t\t\t<div class=\"item--sub-title style1 show-line\">\n                        Schutz w\u00e4hrend des Transports und dar\u00fcber hinaus                                <\/div>\n\t    <h3 class=\"item--title st-default \" data-wow-delay=\"ms\">\n                <span>\n            \n            \n                    <\/span>\n            <\/h3>\n<\/div>\t\t<\/div>\n\t\t\t\t<\/div>\n\t\t\t\t<div class=\"elementor-element elementor-element-3a8c790 elementor-widget elementor-widget-text-editor\" data-id=\"3a8c790\" data-element_type=\"widget\" data-widget_type=\"text-editor.default\">\n\t\t\t\t<div class=\"elementor-widget-container\">\n\t\t\t<style>\/*! elementor - v3.8.0 - 30-10-2022 *\/\n.elementor-widget-text-editor.elementor-drop-cap-view-stacked .elementor-drop-cap{background-color:#818a91;color:#fff}.elementor-widget-text-editor.elementor-drop-cap-view-framed .elementor-drop-cap{color:#818a91;border:3px solid;background-color:transparent}.elementor-widget-text-editor:not(.elementor-drop-cap-view-default) .elementor-drop-cap{margin-top:8px}.elementor-widget-text-editor:not(.elementor-drop-cap-view-default) .elementor-drop-cap-letter{width:1em;height:1em}.elementor-widget-text-editor .elementor-drop-cap{float:left;text-align:center;line-height:1;font-size:50px}.elementor-widget-text-editor .elementor-drop-cap-letter{display:inline-block}<\/style>\t\t\t\t<p style=\"text-align: justify;\">Um innovative, wirtschaftliche &amp; nachhaltige Verpackungsl\u00f6sungen entwickeln zu k\u00f6nnen braucht es vor allem 3 Dinge: Erfahrung, den unbedingten Willen zur Perfektion und Kreativit\u00e4t. All diese Eigenschaften finden Sie in unseren Entwicklern. Ausgestattet mit den modernsten CAD Systemen, einem flexiblen &amp; schnellen Musterbau und neuester 3D Drucktechnologie sind wir der richtige Partner f\u00fcr Ihre Verpackungsentwicklung.<\/p>\t\t\t\t\t\t<\/div>\n\t\t\t\t<\/div>\n\t\t\t\t<div class=\"elementor-element elementor-element-8b8812d elementor-widget elementor-widget-ct_heading\" data-id=\"8b8812d\" data-element_type=\"widget\" data-widget_type=\"ct_heading.default\">\n\t\t\t\t<div class=\"elementor-widget-container\">\n\t\t\t<div class=\"ct-heading h-align-  sub-style1 ct-heading-left item-st-default\">\n\t\t\t<div class=\"item--sub-title style1 show-line\">\n                        Basisdaten unserer Entwicklungsabteilung:                                <\/div>\n\t    <h3 class=\"item--title st-default \" data-wow-delay=\"ms\">\n                <span>\n            \n            \n                    <\/span>\n            <\/h3>\n<\/div>\t\t<\/div>\n\t\t\t\t<\/div>\n\t\t\t\t<div class=\"elementor-element elementor-element-e313a4d list-items-fix elementor-invisible elementor-widget elementor-widget-text-editor\" data-id=\"e313a4d\" data-element_type=\"widget\" data-settings=\"{&quot;_animation&quot;:&quot;fadeInUp&quot;}\" data-widget_type=\"text-editor.default\">\n\t\t\t\t<div class=\"elementor-widget-container\">\n\t\t\t\t\t\t\t<ul><li><strong><span class=\"text-red\">10x Dassault Systems CATIA V5-6<\/span>, 3x Siemens NX 12 Arbeitspl\u00e4tze<\/strong><\/li><li><strong><span class=\"text-red\">OEM CAD Umgebungen<\/span>\u00a0f\u00fcr kundengerechte 2D \/ 3D Zeichnungserstellung + St\u00fccklisten<\/strong><\/li><li><strong>Xioneer Industrie\u00a0<span class=\"text-red\">3D Drucksystem<\/span>\u00a0f\u00fcr live Bauteil- Lagesimulationen im Beh\u00e4lter<\/strong><\/li><li><strong><span class=\"text-red\">8x JUKI LU Mustermaschinen<\/span>\u00a0zum Prototypenbau unter Serienbedinungen<\/strong><\/li><li><strong>Baukastensysteme zur schnellen &amp; effi zienten Beh\u00e4lterkonstruktion<\/strong><\/li><li><strong><span class=\"text-red\">Eigene Analysewerkzeuge<\/span>\u00a0zum FEM Statik Nachweis<\/strong><\/li><li><strong>Eigenes Testlabor mit R\u00fctteltisch, Fallbahn, Klimakammer &amp; Auflasttests<\/strong><\/li><\/ul>\t\t\t\t\t\t<\/div>\n\t\t\t\t<\/div>\n\t\t            <\/div>\n        <\/div>\n                <div class=\"elementor-column elementor-col-50 elementor-top-column elementor-element elementor-element-c92fa53 elementor-invisible\" data-id=\"c92fa53\" data-element_type=\"column\" data-settings=\"{&quot;animation&quot;:&quot;slideInRight&quot;}\">\n            <div class=\"elementor-widget-wrap elementor-element-populated\">\n                        \t\t<div class=\"elementor-element elementor-element-7b573e3 elementor-invisible elementor-widget elementor-widget-image\" data-id=\"7b573e3\" data-element_type=\"widget\" data-settings=\"{&quot;_animation&quot;:&quot;slideInRight&quot;}\" data-widget_type=\"image.default\">\n\t\t\t\t<div class=\"elementor-widget-container\">\n\t\t\t<style>\/*! elementor - v3.8.0 - 30-10-2022 *\/\n.elementor-widget-image{text-align:center}.elementor-widget-image a{display:inline-block}.elementor-widget-image a img[src$=\".svg\"]{width:48px}.elementor-widget-image img{vertical-align:middle;display:inline-block}<\/style>\t\t\t\t\t\t\t\t\t\t\t\t\t<a href=\"https:\/\/etilog.com\/wumeecir\/development-asideimg.jpg\" data-elementor-open-lightbox=\"yes\" data-elementor-lightbox-title=\"Development Asideimg\" e-action-hash=\"#elementor-action%3Aaction%3Dlightbox%26settings%3DeyJpZCI6MTUxNDcsInVybCI6Imh0dHBzOlwvXC9ldGlsb2cuY29tXC93cC1jb250ZW50XC91cGxvYWRzXC9kZXZlbG9wbWVudC1hc2lkZWltZy5qcGcifQ%3D%3D\">\n\t\t\t\t\t\t\t<img decoding=\"async\" width=\"510\" height=\"468\" src=\"https:\/\/etilog.com\/wumeecir\/development-asideimg.jpg\" class=\"attachment-full size-full\" alt=\"\" srcset=\"https:\/\/etilog.com\/wumeecir\/development-asideimg.jpg 510w, https:\/\/etilog.com\/wumeecir\/development-asideimg-300x275.jpg 300w\" sizes=\"(max-width: 510px) 100vw, 510px\" \/>\t\t\t\t\t\t\t\t<\/a>\n\t\t\t\t\t\t\t\t\t\t\t\t\t\t\t<\/div>\n\t\t\t\t<\/div>\n\t\t\t\t<div class=\"elementor-element elementor-element-40e8e99 elementor-invisible elementor-widget elementor-widget-image\" data-id=\"40e8e99\" data-element_type=\"widget\" data-settings=\"{&quot;_animation&quot;:&quot;slideInRight&quot;}\" data-widget_type=\"image.default\">\n\t\t\t\t<div class=\"elementor-widget-container\">\n\t\t\t\t\t\t\t\t\t\t\t\t\t\t\t\t<a href=\"https:\/\/etilog.com\/wumeecir\/development-aside-machine.jpg\" data-elementor-open-lightbox=\"yes\" data-elementor-lightbox-title=\"development-aside-machine\" e-action-hash=\"#elementor-action%3Aaction%3Dlightbox%26settings%3DeyJpZCI6MTE5OTQsInVybCI6Imh0dHBzOlwvXC9ldGlsb2cuY29tXC93cC1jb250ZW50XC91cGxvYWRzXC9kZXZlbG9wbWVudC1hc2lkZS1tYWNoaW5lLmpwZyJ9\">\n\t\t\t\t\t\t\t<img decoding=\"async\" width=\"600\" height=\"332\" src=\"https:\/\/etilog.com\/wumeecir\/development-aside-machine.jpg\" class=\"attachment-full size-full\" alt=\"\" srcset=\"https:\/\/etilog.com\/wumeecir\/development-aside-machine.jpg 600w, https:\/\/etilog.com\/wumeecir\/development-aside-machine-300x166.jpg 300w\" sizes=\"(max-width: 600px) 100vw, 600px\" \/>\t\t\t\t\t\t\t\t<\/a>\n\t\t\t\t\t\t\t\t\t\t\t\t\t\t\t<\/div>\n\t\t\t\t<\/div>\n\t\t            <\/div>\n        <\/div>\n                            <\/div>\n        <\/section>\n                <section class=\"elementor-section elementor-top-section elementor-element elementor-element-43157f1 elementor-section-stretched elementor-section-boxed elementor-section-height-default elementor-section-height-default\" data-id=\"43157f1\" data-element_type=\"section\" data-settings=\"{&quot;stretch_section&quot;:&quot;section-stretched&quot;,&quot;background_background&quot;:&quot;classic&quot;,&quot;_ha_eqh_enable&quot;:false}\">\n            \n                        <div class=\"elementor-container elementor-column-gap-default \">\n                    <div class=\"elementor-column elementor-col-50 elementor-top-column elementor-element elementor-element-8d312a7\" data-id=\"8d312a7\" data-element_type=\"column\">\n            <div class=\"elementor-widget-wrap elementor-element-populated\">\n                        \t\t<div class=\"elementor-element elementor-element-731acac elementor-invisible elementor-widget elementor-widget-ct_heading\" data-id=\"731acac\" data-element_type=\"widget\" data-settings=\"{&quot;_animation&quot;:&quot;slideInLeft&quot;}\" data-widget_type=\"ct_heading.default\">\n\t\t\t\t<div class=\"elementor-widget-container\">\n\t\t\t<div class=\"ct-heading h-align-left  sub-style1 ct-heading-left item-st-default\">\n\t\t\t<div class=\"item--sub-title style1 show-line\">\n                        Why use Etilog for your Packaging Development?                                <\/div>\n\t    <h3 class=\"item--title st-default \" data-wow-delay=\"ms\">\n                <span>\n            \n            \n                    <\/span>\n            <\/h3>\n<\/div>\t\t<\/div>\n\t\t\t\t<\/div>\n\t\t\t\t<div class=\"elementor-element elementor-element-a227368 elementor-invisible elementor-widget elementor-widget-ct_feature\" data-id=\"a227368\" data-element_type=\"widget\" data-settings=\"{&quot;_animation&quot;:&quot;bounceInLeft&quot;}\" data-widget_type=\"ct_feature.default\">\n\t\t\t\t<div class=\"elementor-widget-container\">\n\t\t\t<div class=\"ct-feature-layout1 style2 \">\n    <div class=\"item--holder\">\n        <h3 class=\"item--title\"><i class=\"fac fac-angle-double-right\"><\/i>Konzepterstellung in 3D:<\/h3>\n        <div class=\"item--desc\" >Kostenfrei - 90% aller Konzepte innerhalb von nur 5 Werktagen<\/div>\n    <\/div>\n<\/div>\t\t<\/div>\n\t\t\t\t<\/div>\n\t\t\t\t<div class=\"elementor-element elementor-element-d2080a4 elementor-invisible elementor-widget elementor-widget-ct_feature\" data-id=\"d2080a4\" data-element_type=\"widget\" data-settings=\"{&quot;_animation&quot;:&quot;bounceInLeft&quot;,&quot;_animation_delay&quot;:400}\" data-widget_type=\"ct_feature.default\">\n\t\t\t\t<div class=\"elementor-widget-container\">\n\t\t\t<div class=\"ct-feature-layout1 style2 \">\n    <div class=\"item--holder\">\n        <h3 class=\"item--title\"><i class=\"fac fac-angle-double-right\"><\/i>Prototypenentwicklung:<\/h3>\n        <div class=\"item--desc\" >Schnell & unkompliziert - meistens innerhalb von 2-3 Wochen<\/div>\n    <\/div>\n<\/div>\t\t<\/div>\n\t\t\t\t<\/div>\n\t\t\t\t<div class=\"elementor-element elementor-element-86136fb elementor-invisible elementor-widget elementor-widget-ct_feature\" data-id=\"86136fb\" data-element_type=\"widget\" data-settings=\"{&quot;_animation&quot;:&quot;bounceInLeft&quot;,&quot;_animation_delay&quot;:600}\" data-widget_type=\"ct_feature.default\">\n\t\t\t\t<div class=\"elementor-widget-container\">\n\t\t\t<div class=\"ct-feature-layout1 style2 \">\n    <div class=\"item--holder\">\n        <h3 class=\"item--title\"><i class=\"fac fac-angle-double-right\"><\/i>Bauteile sp\u00e4t verf\u00fcgbar?<\/h3>\n        <div class=\"item--desc\" >Kein Problem - Dank unserer 3D Drucksysteme<\/div>\n    <\/div>\n<\/div>\t\t<\/div>\n\t\t\t\t<\/div>\n\t\t\t\t<div class=\"elementor-element elementor-element-7e64dc0 elementor-invisible elementor-widget elementor-widget-ct_feature\" data-id=\"7e64dc0\" data-element_type=\"widget\" data-settings=\"{&quot;_animation&quot;:&quot;bounceInRight&quot;,&quot;_animation_delay&quot;:800}\" data-widget_type=\"ct_feature.default\">\n\t\t\t\t<div class=\"elementor-widget-container\">\n\t\t\t<div class=\"ct-feature-layout1 style2 \">\n    <div class=\"item--holder\">\n        <h3 class=\"item--title\"><i class=\"fac fac-angle-double-right\"><\/i>Packaging Testing:<\/h3>\n        <div class=\"item--desc\" >Diligent\u00a0\u2013 personal evaluation and validation in cooperation with your QA division<\/div>\n    <\/div>\n<\/div>\t\t<\/div>\n\t\t\t\t<\/div>\n\t\t            <\/div>\n        <\/div>\n                <div class=\"elementor-column elementor-col-50 elementor-top-column elementor-element elementor-element-08343a6\" data-id=\"08343a6\" data-element_type=\"column\">\n            <div class=\"elementor-widget-wrap elementor-element-populated\">\n                        \t\t<div class=\"elementor-element elementor-element-8019810 elementor-invisible elementor-widget elementor-widget-ct_feature\" data-id=\"8019810\" data-element_type=\"widget\" data-settings=\"{&quot;_animation&quot;:&quot;bounceInLeft&quot;,&quot;_animation_delay&quot;:200}\" data-widget_type=\"ct_feature.default\">\n\t\t\t\t<div class=\"elementor-widget-container\">\n\t\t\t<div class=\"ct-feature-layout1 style2 \">\n    <div class=\"item--holder\">\n        <h3 class=\"item--title\"><i class=\"fac fac-angle-double-right\"><\/i>Verpackungstests:<\/h3>\n        <div class=\"item--desc\" >Gewissenhaft - pers\u00f6nliche Begutachtung & Validierung zusammen mit Ihrer QS<\/div>\n    <\/div>\n<\/div>\t\t<\/div>\n\t\t\t\t<\/div>\n\t\t\t\t<div class=\"elementor-element elementor-element-a2896d9 elementor-invisible elementor-widget elementor-widget-ct_feature\" data-id=\"a2896d9\" data-element_type=\"widget\" data-settings=\"{&quot;_animation&quot;:&quot;bounceInRight&quot;,&quot;_animation_delay&quot;:1000}\" data-widget_type=\"ct_feature.default\">\n\t\t\t\t<div class=\"elementor-widget-container\">\n\t\t\t<div class=\"ct-feature-layout1 style2 \">\n    <div class=\"item--holder\">\n        <h3 class=\"item--title\"><i class=\"fac fac-angle-double-right\"><\/i>Technologie:<\/h3>\n        <div class=\"item--desc\" >\u00dcberlegen - lassen Sie sich von Innovationskraft \u00fcberzeugen<\/div>\n    <\/div>\n<\/div>\t\t<\/div>\n\t\t\t\t<\/div>\n\t\t\t\t<div class=\"elementor-element elementor-element-5c69db8 elementor-invisible elementor-widget elementor-widget-ct_feature\" data-id=\"5c69db8\" data-element_type=\"widget\" data-settings=\"{&quot;_animation&quot;:&quot;bounceInRight&quot;,&quot;_animation_delay&quot;:1200}\" data-widget_type=\"ct_feature.default\">\n\t\t\t\t<div class=\"elementor-widget-container\">\n\t\t\t<div class=\"ct-feature-layout1 style2 \">\n    <div class=\"item--holder\">\n        <h3 class=\"item--title\"><i class=\"fac fac-angle-double-right\"><\/i>Materials:<\/h3>\n        <div class=\"item--desc\" >Flexibel & passend - durch unsere eigene Materialentwicklung<\/div>\n    <\/div>\n<\/div>\t\t<\/div>\n\t\t\t\t<\/div>\n\t\t\t\t<div class=\"elementor-element elementor-element-b53f504 elementor-invisible elementor-widget elementor-widget-ct_feature\" data-id=\"b53f504\" data-element_type=\"widget\" data-settings=\"{&quot;_animation&quot;:&quot;bounceInRight&quot;,&quot;_animation_delay&quot;:1400}\" data-widget_type=\"ct_feature.default\">\n\t\t\t\t<div class=\"elementor-widget-container\">\n\t\t\t<div class=\"ct-feature-layout1 style2 \">\n    <div class=\"item--holder\">\n        <h3 class=\"item--title\"><i class=\"fac fac-angle-double-right\"><\/i>Remote access:<\/h3>\n        <div class=\"item--desc\" >We are offering opportunity to provide complete process of development fully remotely <\/div>\n    <\/div>\n<\/div>\t\t<\/div>\n\t\t\t\t<\/div>\n\t\t            <\/div>\n        <\/div>\n                            <\/div>\n        <\/section>\n                <section class=\"elementor-section elementor-top-section elementor-element elementor-element-a28b287 elementor-section-boxed elementor-section-height-default elementor-section-height-default\" data-id=\"a28b287\" data-element_type=\"section\" data-settings=\"{&quot;background_background&quot;:&quot;classic&quot;,&quot;_ha_eqh_enable&quot;:false}\">\n            \n                        <div class=\"elementor-container elementor-column-gap-default \">\n                    <div class=\"elementor-column elementor-col-50 elementor-top-column elementor-element elementor-element-4ff89fc\" data-id=\"4ff89fc\" data-element_type=\"column\">\n            <div class=\"elementor-widget-wrap elementor-element-populated\">\n                        \t\t<div class=\"elementor-element elementor-element-e53c197 elementor-widget elementor-widget-heading\" data-id=\"e53c197\" data-element_type=\"widget\" data-widget_type=\"heading.default\">\n\t\t\t\t<div class=\"elementor-widget-container\">\n\t\t\t<h2 class=\"elementor-heading-title elementor-size-default\">Erkunden Sie unsere L\u00f6sungsdatenbank mit allen Innovationen made by ETILOG<\/h2>\t\t<\/div>\n\t\t\t\t<\/div>\n\t\t            <\/div>\n        <\/div>\n                <div class=\"elementor-column elementor-col-50 elementor-top-column elementor-element elementor-element-d618215\" data-id=\"d618215\" data-element_type=\"column\">\n            <div class=\"elementor-widget-wrap elementor-element-populated\">\n                        \t\t<div class=\"elementor-element elementor-element-31ddc93 elementor-widget elementor-widget-ct_button\" data-id=\"31ddc93\" data-element_type=\"widget\" data-widget_type=\"ct_button.default\">\n\t\t\t\t<div class=\"elementor-widget-container\">\n\t\t\t<div class=\"ct-button-wrapper ct-button-layout1 icon- btn--inline \">\n            <span class=\"ct-icon-active\"><\/span>\n        <a href=\"\/de\/loesungen\/\" class=\"btn btn-effect icon-active btn-inline-block  \" data-wow-delay=\"ms\">\n                            <span class=\"ct-button-icon ct-align-icon-\">\n                            <\/span>\n                <span class=\"ct-button-text\">L\u00d6SUNGEN<\/span>\n    <\/a>\n<\/div>\t\t<\/div>\n\t\t\t\t<\/div>\n\t\t            <\/div>\n        <\/div>\n                            <\/div>\n        <\/section>\n        \t\t\t\t\t<\/div>\n\t\t","protected":false},"excerpt":{"rendered":"<p>Entwicklung Unser Ziel: die Perfekte Verpackung Schutz w\u00e4hrend des Transports und dar\u00fcber hinaus Um innovative, wirtschaftliche &amp; nachhaltige Verpackungsl\u00f6sungen entwickeln zu k\u00f6nnen braucht es vor allem 3 Dinge: Erfahrung, den unbedingten Willen zur Perfektion und Kreativit\u00e4t. All diese Eigenschaften finden Sie in unseren Entwicklern. Ausgestattet mit den modernsten CAD Systemen, einem flexiblen &amp; schnellen Musterbau [&hellip;]<\/p>\n","protected":false},"author":11,"featured_media":0,"parent":0,"menu_order":0,"comment_status":"closed","ping_status":"closed","template":"","meta":{"_mi_skip_tracking":false,"footnotes":""},"class_list":["post-18998","page","type-page","status-publish","hentry"],"acf":[],"_links":{"self":[{"href":"https:\/\/etilog.com\/de\/wp-json\/wp\/v2\/pages\/18998","targetHints":{"allow":["GET"]}}],"collection":[{"href":"https:\/\/etilog.com\/de\/wp-json\/wp\/v2\/pages"}],"about":[{"href":"https:\/\/etilog.com\/de\/wp-json\/wp\/v2\/types\/page"}],"author":[{"embeddable":true,"href":"https:\/\/etilog.com\/de\/wp-json\/wp\/v2\/users\/11"}],"replies":[{"embeddable":true,"href":"https:\/\/etilog.com\/de\/wp-json\/wp\/v2\/comments?post=18998"}],"version-history":[{"count":1,"href":"https:\/\/etilog.com\/de\/wp-json\/wp\/v2\/pages\/18998\/revisions"}],"predecessor-version":[{"id":20317,"href":"https:\/\/etilog.com\/de\/wp-json\/wp\/v2\/pages\/18998\/revisions\/20317"}],"wp:attachment":[{"href":"https:\/\/etilog.com\/de\/wp-json\/wp\/v2\/media?parent=18998"}],"curies":[{"name":"wp","href":"https:\/\/api.w.org\/{rel}","templated":true}]}}