{"id":18954,"date":"2020-10-28T09:13:58","date_gmt":"2020-10-28T08:13:58","guid":{"rendered":"https:\/\/etilog.com\/manufacturing\/"},"modified":"2021-09-24T16:02:28","modified_gmt":"2021-09-24T14:02:28","slug":"fertigung","status":"publish","type":"page","link":"https:\/\/etilog.com\/de\/fertigung\/","title":{"rendered":"Fertigung"},"content":{"rendered":"\t\t<div data-elementor-type=\"wp-page\" data-elementor-id=\"18954\" class=\"elementor elementor-18954\">\n\t\t\t\t\t\t\t        <section class=\"elementor-section elementor-top-section elementor-element elementor-element-b0336b8 elementor-section-stretched elementor-section-boxed elementor-section-height-default elementor-section-height-default\" data-id=\"b0336b8\" data-element_type=\"section\" data-settings=\"{&quot;stretch_section&quot;:&quot;section-stretched&quot;,&quot;_ha_eqh_enable&quot;:false}\">\n            \n                        <div class=\"elementor-container elementor-column-gap-default \">\n                    <div class=\"elementor-column elementor-col-50 elementor-top-column elementor-element elementor-element-4856f78 elementor-invisible\" data-id=\"4856f78\" data-element_type=\"column\" data-settings=\"{&quot;animation&quot;:&quot;slideInLeft&quot;}\">\n            <div class=\"elementor-widget-wrap elementor-element-populated\">\n                        \t\t<div class=\"elementor-element elementor-element-320011f elementor-invisible elementor-widget elementor-widget-heading\" data-id=\"320011f\" data-element_type=\"widget\" data-settings=\"{&quot;_animation&quot;:&quot;fadeIn&quot;}\" data-widget_type=\"heading.default\">\n\t\t\t\t<div class=\"elementor-widget-container\">\n\t\t\t<style>\/*! elementor - v3.8.0 - 30-10-2022 *\/\n.elementor-heading-title{padding:0;margin:0;line-height:1}.elementor-widget-heading .elementor-heading-title[class*=elementor-size-]>a{color:inherit;font-size:inherit;line-height:inherit}.elementor-widget-heading .elementor-heading-title.elementor-size-small{font-size:15px}.elementor-widget-heading .elementor-heading-title.elementor-size-medium{font-size:19px}.elementor-widget-heading .elementor-heading-title.elementor-size-large{font-size:29px}.elementor-widget-heading .elementor-heading-title.elementor-size-xl{font-size:39px}.elementor-widget-heading .elementor-heading-title.elementor-size-xxl{font-size:59px}<\/style><h2 class=\"elementor-heading-title elementor-size-default\">Fertigung - <br>ETILOG heisst: Spitzentechnologie<\/h2>\t\t<\/div>\n\t\t\t\t<\/div>\n\t\t\t\t<div class=\"elementor-element elementor-element-8ef0705 elementor-widget elementor-widget-ct_heading\" data-id=\"8ef0705\" data-element_type=\"widget\" data-widget_type=\"ct_heading.default\">\n\t\t\t\t<div class=\"elementor-widget-container\">\n\t\t\t<div class=\"ct-heading h-align-  sub-style1 ct-heading-left item-st-default\">\n\t\t\t<div class=\"item--sub-title style1 show-line\">\n                        Innovative Verpackungen in Serie                                <\/div>\n\t    <h3 class=\"item--title st-default \" data-wow-delay=\"ms\">\n                <span>\n            \n            \n                    <\/span>\n            <\/h3>\n<\/div>\t\t<\/div>\n\t\t\t\t<\/div>\n\t\t\t\t<div class=\"elementor-element elementor-element-3a8c790 justify-etilog elementor-widget elementor-widget-text-editor\" data-id=\"3a8c790\" data-element_type=\"widget\" data-widget_type=\"text-editor.default\">\n\t\t\t\t<div class=\"elementor-widget-container\">\n\t\t\t<style>\/*! elementor - v3.8.0 - 30-10-2022 *\/\n.elementor-widget-text-editor.elementor-drop-cap-view-stacked .elementor-drop-cap{background-color:#818a91;color:#fff}.elementor-widget-text-editor.elementor-drop-cap-view-framed .elementor-drop-cap{color:#818a91;border:3px solid;background-color:transparent}.elementor-widget-text-editor:not(.elementor-drop-cap-view-default) .elementor-drop-cap{margin-top:8px}.elementor-widget-text-editor:not(.elementor-drop-cap-view-default) .elementor-drop-cap-letter{width:1em;height:1em}.elementor-widget-text-editor .elementor-drop-cap{float:left;text-align:center;line-height:1;font-size:50px}.elementor-widget-text-editor .elementor-drop-cap-letter{display:inline-block}<\/style>\t\t\t\t<p style=\"text-align: justify;\">Unsere Fertigung setzt konsequent auf moderne Spitzentechnologie. Angefangen von modernster CNC Zuschneidetechnologie, dem gr\u00f6\u00dften Park an JUKI LU Langarmn\u00e4hmaschinen in Europa bis hin zu effi zienten Montagelinien verf\u00fcgen wir \u00fcber die notwendigen M\u00f6glichkeiten textile Verpackungen in Gro\u00df- &amp; Kleinserien in gleichm\u00e4\u00dfig hoher Qualit\u00e4t zuverl\u00e4ssig und termingerecht herzustellen. Unsere hohe Fertigungstiefe erm\u00f6glicht uns schnelle Reaktionszeiten &amp; flexible Anpassung unserer Kapazit\u00e4ten an Ihren Bedarf.<\/p>\t\t\t\t\t\t<\/div>\n\t\t\t\t<\/div>\n\t\t\t\t<div class=\"elementor-element elementor-element-a0466ff elementor-widget elementor-widget-ct_heading\" data-id=\"a0466ff\" data-element_type=\"widget\" data-widget_type=\"ct_heading.default\">\n\t\t\t\t<div class=\"elementor-widget-container\">\n\t\t\t<div class=\"ct-heading h-align-  sub-style1 ct-heading-left item-st-default\">\n\t\t\t<div class=\"item--sub-title style1 show-line\">\n                        Basisdaten unserer Produktion:                                <\/div>\n\t    <h3 class=\"item--title st-default \" data-wow-delay=\"ms\">\n                <span>\n            \n            \n                    <\/span>\n            <\/h3>\n<\/div>\t\t<\/div>\n\t\t\t\t<\/div>\n\t\t\t\t<div class=\"elementor-element elementor-element-e313a4d list-items-fix elementor-invisible elementor-widget elementor-widget-text-editor\" data-id=\"e313a4d\" data-element_type=\"widget\" data-settings=\"{&quot;_animation&quot;:&quot;fadeInUp&quot;}\" data-widget_type=\"text-editor.default\">\n\t\t\t\t<div class=\"elementor-widget-container\">\n\t\t\t\t\t\t\t<ul><li><span class=\"text-red\"><strong>&gt; 270 motivierte eigene Mitarbeiter<\/strong><\/span><\/li><li><strong><span class=\"text-red\">82 JUKI LU Langarmn\u00e4hmaschinen,<\/span>\u00a0&gt;50 Spezialmaschinen f\u00fcr besondere Anwendungen<\/strong><\/li><li><strong>GERBER Paragon CNC Zuschnitt<\/strong><\/li><li><span class=\"text-red\"><strong>JUKI AMS &amp; Bruce CNC N\u00e4hautomaten f\u00fcr hochpr\u00e4zise N\u00e4hte<\/strong><\/span><\/li><li><strong>Mehrstufige 100% Qualit\u00e4tskontrolle<\/strong><\/li><\/ul>\t\t\t\t\t\t<\/div>\n\t\t\t\t<\/div>\n\t\t\t\t<div class=\"elementor-element elementor-element-8b8812d elementor-widget elementor-widget-ct_heading\" data-id=\"8b8812d\" data-element_type=\"widget\" data-widget_type=\"ct_heading.default\">\n\t\t\t\t<div class=\"elementor-widget-container\">\n\t\t\t<div class=\"ct-heading h-align-  sub-style1 ct-heading-left item-st-default\">\n\t\t\t<div class=\"item--sub-title style1 show-line\">\n                        Hauseigene Kapazit\u00e4ten pro Woche:                                <\/div>\n\t    <h3 class=\"item--title st-default \" data-wow-delay=\"ms\">\n                <span>\n            \n            \n                    <\/span>\n            <\/h3>\n<\/div>\t\t<\/div>\n\t\t\t\t<\/div>\n\t\t\t\t<div class=\"elementor-element elementor-element-1fc3fec list-items-fix elementor-invisible elementor-widget elementor-widget-text-editor\" data-id=\"1fc3fec\" data-element_type=\"widget\" data-settings=\"{&quot;_animation&quot;:&quot;fadeInUp&quot;}\" data-widget_type=\"text-editor.default\">\n\t\t\t\t<div class=\"elementor-widget-container\">\n\t\t\t\t\t\t\t<ul>\n \t<li><span class=\"text-red\"><strong>SLT\u2019s:<\/strong><\/span> &gt; 500 Stk.<\/li>\n<li><strong>GLT\u2019s:<\/strong> &gt; 500 Stk.<\/li>\n<li><span class=\"text-red\"><strong>KLT\u2019s:<\/strong><\/span> &gt; 4.500 Stk.<\/li>\n\n<\/ul>\t\t\t\t\t\t<\/div>\n\t\t\t\t<\/div>\n\t\t            <\/div>\n        <\/div>\n                <div class=\"elementor-column elementor-col-50 elementor-top-column elementor-element elementor-element-c92fa53 elementor-invisible\" data-id=\"c92fa53\" data-element_type=\"column\" data-settings=\"{&quot;animation&quot;:&quot;slideInRight&quot;}\">\n            <div class=\"elementor-widget-wrap elementor-element-populated\">\n                        \t\t<div class=\"elementor-element elementor-element-40e8e99 elementor-invisible elementor-widget elementor-widget-image\" data-id=\"40e8e99\" data-element_type=\"widget\" data-settings=\"{&quot;_animation&quot;:&quot;slideInRight&quot;}\" data-widget_type=\"image.default\">\n\t\t\t\t<div class=\"elementor-widget-container\">\n\t\t\t<style>\/*! elementor - v3.8.0 - 30-10-2022 *\/\n.elementor-widget-image{text-align:center}.elementor-widget-image a{display:inline-block}.elementor-widget-image a img[src$=\".svg\"]{width:48px}.elementor-widget-image img{vertical-align:middle;display:inline-block}<\/style>\t\t\t\t\t\t\t\t\t\t\t\t\t<a href=\"https:\/\/etilog.com\/wumeecir\/manufacturing-aside-sewing.jpg\" data-elementor-open-lightbox=\"yes\" data-elementor-lightbox-title=\"Manufacturing Aside Sewing\" e-action-hash=\"#elementor-action%3Aaction%3Dlightbox%26settings%3DeyJpZCI6MTQxNDksInVybCI6Imh0dHBzOlwvXC9ldGlsb2cuY29tXC93cC1jb250ZW50XC91cGxvYWRzXC9tYW51ZmFjdHVyaW5nLWFzaWRlLXNld2luZy5qcGcifQ%3D%3D\">\n\t\t\t\t\t\t\t<img decoding=\"async\" width=\"510\" height=\"456\" src=\"https:\/\/etilog.com\/wumeecir\/manufacturing-aside-sewing.jpg\" class=\"attachment-full size-full\" alt=\"\" srcset=\"https:\/\/etilog.com\/wumeecir\/manufacturing-aside-sewing.jpg 510w, https:\/\/etilog.com\/wumeecir\/manufacturing-aside-sewing-300x268.jpg 300w\" sizes=\"(max-width: 510px) 100vw, 510px\" \/>\t\t\t\t\t\t\t\t<\/a>\n\t\t\t\t\t\t\t\t\t\t\t\t\t\t\t<\/div>\n\t\t\t\t<\/div>\n\t\t\t\t<div class=\"elementor-element elementor-element-7b573e3 elementor-invisible elementor-widget elementor-widget-image\" data-id=\"7b573e3\" data-element_type=\"widget\" data-settings=\"{&quot;_animation&quot;:&quot;slideInRight&quot;}\" data-widget_type=\"image.default\">\n\t\t\t\t<div class=\"elementor-widget-container\">\n\t\t\t\t\t\t\t\t\t\t\t\t\t\t\t\t<a href=\"https:\/\/etilog.com\/wumeecir\/manufacturing-aside-edit.jpg\" data-elementor-open-lightbox=\"yes\" data-elementor-lightbox-title=\"manufacturing-aside-edit\" e-action-hash=\"#elementor-action%3Aaction%3Dlightbox%26settings%3DeyJpZCI6MTIwMTIsInVybCI6Imh0dHBzOlwvXC9ldGlsb2cuY29tXC93cC1jb250ZW50XC91cGxvYWRzXC9tYW51ZmFjdHVyaW5nLWFzaWRlLWVkaXQuanBnIn0%3D\">\n\t\t\t\t\t\t\t<img decoding=\"async\" width=\"510\" height=\"456\" src=\"https:\/\/etilog.com\/wumeecir\/manufacturing-aside-edit.jpg\" class=\"attachment-full size-full\" alt=\"\" srcset=\"https:\/\/etilog.com\/wumeecir\/manufacturing-aside-edit.jpg 510w, https:\/\/etilog.com\/wumeecir\/manufacturing-aside-edit-300x268.jpg 300w\" sizes=\"(max-width: 510px) 100vw, 510px\" \/>\t\t\t\t\t\t\t\t<\/a>\n\t\t\t\t\t\t\t\t\t\t\t\t\t\t\t<\/div>\n\t\t\t\t<\/div>\n\t\t            <\/div>\n        <\/div>\n                            <\/div>\n        <\/section>\n                <section class=\"elementor-section elementor-top-section elementor-element elementor-element-a28b287 elementor-section-boxed elementor-section-height-default elementor-section-height-default\" data-id=\"a28b287\" data-element_type=\"section\" data-settings=\"{&quot;background_background&quot;:&quot;classic&quot;,&quot;_ha_eqh_enable&quot;:false}\">\n            \n                        <div class=\"elementor-container elementor-column-gap-default \">\n                    <div class=\"elementor-column elementor-col-50 elementor-top-column elementor-element elementor-element-4ff89fc\" data-id=\"4ff89fc\" data-element_type=\"column\">\n            <div class=\"elementor-widget-wrap elementor-element-populated\">\n                        \t\t<div class=\"elementor-element elementor-element-e53c197 elementor-widget elementor-widget-heading\" data-id=\"e53c197\" data-element_type=\"widget\" data-widget_type=\"heading.default\">\n\t\t\t\t<div class=\"elementor-widget-container\">\n\t\t\t<h2 class=\"elementor-heading-title elementor-size-default\">Erkunden Sie unsere L\u00f6sungsdatenbank mit allen Innovationen made by ETILOG<\/h2>\t\t<\/div>\n\t\t\t\t<\/div>\n\t\t            <\/div>\n        <\/div>\n                <div class=\"elementor-column elementor-col-50 elementor-top-column elementor-element elementor-element-d618215\" data-id=\"d618215\" data-element_type=\"column\">\n            <div class=\"elementor-widget-wrap elementor-element-populated\">\n                        \t\t<div class=\"elementor-element elementor-element-31ddc93 elementor-widget elementor-widget-ct_button\" data-id=\"31ddc93\" data-element_type=\"widget\" data-widget_type=\"ct_button.default\">\n\t\t\t\t<div class=\"elementor-widget-container\">\n\t\t\t<div class=\"ct-button-wrapper ct-button-layout1 icon- btn--inline \">\n            <span class=\"ct-icon-active\"><\/span>\n        <a href=\"\/de\/loesungen\/\" class=\"btn btn-effect icon-active btn-inline-block  \" data-wow-delay=\"ms\">\n                            <span class=\"ct-button-icon ct-align-icon-\">\n                            <\/span>\n                <span class=\"ct-button-text\">L\u00d6SUNGEN<\/span>\n    <\/a>\n<\/div>\t\t<\/div>\n\t\t\t\t<\/div>\n\t\t            <\/div>\n        <\/div>\n                            <\/div>\n        <\/section>\n        \t\t\t\t\t<\/div>\n\t\t","protected":false},"excerpt":{"rendered":"<p>Fertigung &#8211; ETILOG heisst: Spitzentechnologie Innovative Verpackungen in Serie Unsere Fertigung setzt konsequent auf moderne Spitzentechnologie. Angefangen von modernster CNC Zuschneidetechnologie, dem gr\u00f6\u00dften Park an JUKI LU Langarmn\u00e4hmaschinen in Europa bis hin zu effi zienten Montagelinien verf\u00fcgen wir \u00fcber die notwendigen M\u00f6glichkeiten textile Verpackungen in Gro\u00df- &amp; Kleinserien in gleichm\u00e4\u00dfig hoher Qualit\u00e4t zuverl\u00e4ssig und termingerecht [&hellip;]<\/p>\n","protected":false},"author":11,"featured_media":0,"parent":0,"menu_order":0,"comment_status":"closed","ping_status":"closed","template":"","meta":{"_mi_skip_tracking":false,"footnotes":""},"class_list":["post-18954","page","type-page","status-publish","hentry"],"acf":[],"_links":{"self":[{"href":"https:\/\/etilog.com\/de\/wp-json\/wp\/v2\/pages\/18954","targetHints":{"allow":["GET"]}}],"collection":[{"href":"https:\/\/etilog.com\/de\/wp-json\/wp\/v2\/pages"}],"about":[{"href":"https:\/\/etilog.com\/de\/wp-json\/wp\/v2\/types\/page"}],"author":[{"embeddable":true,"href":"https:\/\/etilog.com\/de\/wp-json\/wp\/v2\/users\/11"}],"replies":[{"embeddable":true,"href":"https:\/\/etilog.com\/de\/wp-json\/wp\/v2\/comments?post=18954"}],"version-history":[{"count":1,"href":"https:\/\/etilog.com\/de\/wp-json\/wp\/v2\/pages\/18954\/revisions"}],"predecessor-version":[{"id":20319,"href":"https:\/\/etilog.com\/de\/wp-json\/wp\/v2\/pages\/18954\/revisions\/20319"}],"wp:attachment":[{"href":"https:\/\/etilog.com\/de\/wp-json\/wp\/v2\/media?parent=18954"}],"curies":[{"name":"wp","href":"https:\/\/api.w.org\/{rel}","templated":true}]}}