{"id":16041,"date":"2020-12-02T10:12:17","date_gmt":"2020-12-02T09:12:17","guid":{"rendered":"https:\/\/etilog.com\/?page_id=16041"},"modified":"2021-09-24T17:13:21","modified_gmt":"2021-09-24T15:13:21","slug":"individuelle-trays","status":"publish","type":"page","link":"https:\/\/etilog.com\/de\/individuelle-trays\/","title":{"rendered":"Individuelle Trays"},"content":{"rendered":"\t\t<div data-elementor-type=\"wp-page\" data-elementor-id=\"16041\" class=\"elementor elementor-16041\">\n\t\t\t\t\t\t\t        <section class=\"elementor-section elementor-top-section elementor-element elementor-element-a481a50 elementor-section-height-min-height elementor-section-stretched elementor-section-boxed elementor-section-height-default elementor-section-items-middle\" data-id=\"a481a50\" data-element_type=\"section\" data-settings=\"{&quot;stretch_section&quot;:&quot;section-stretched&quot;,&quot;background_background&quot;:&quot;classic&quot;,&quot;_ha_eqh_enable&quot;:false}\">\n            \n                        <div class=\"elementor-container elementor-column-gap-default \">\n                    <div class=\"elementor-column elementor-col-50 elementor-top-column elementor-element elementor-element-920cd93\" data-id=\"920cd93\" data-element_type=\"column\">\n            <div class=\"elementor-widget-wrap elementor-element-populated\">\n                        \t\t<div class=\"elementor-element elementor-element-726e60a elementor-invisible elementor-widget elementor-widget-heading\" data-id=\"726e60a\" data-element_type=\"widget\" data-settings=\"{&quot;_animation&quot;:&quot;slideInLeft&quot;}\" data-widget_type=\"heading.default\">\n\t\t\t\t<div class=\"elementor-widget-container\">\n\t\t\t<style>\/*! elementor - v3.8.0 - 30-10-2022 *\/\n.elementor-heading-title{padding:0;margin:0;line-height:1}.elementor-widget-heading .elementor-heading-title[class*=elementor-size-]>a{color:inherit;font-size:inherit;line-height:inherit}.elementor-widget-heading .elementor-heading-title.elementor-size-small{font-size:15px}.elementor-widget-heading .elementor-heading-title.elementor-size-medium{font-size:19px}.elementor-widget-heading .elementor-heading-title.elementor-size-large{font-size:29px}.elementor-widget-heading .elementor-heading-title.elementor-size-xl{font-size:39px}.elementor-widget-heading .elementor-heading-title.elementor-size-xxl{font-size:59px}<\/style><h2 class=\"elementor-heading-title elementor-size-default\">Individuelle Trays<\/h2>\t\t<\/div>\n\t\t\t\t<\/div>\n\t\t\t\t<div class=\"elementor-element elementor-element-bdb8c1e elementor-invisible elementor-widget elementor-widget-ct_heading\" data-id=\"bdb8c1e\" data-element_type=\"widget\" data-settings=\"{&quot;_animation&quot;:&quot;slideInLeft&quot;}\" data-widget_type=\"ct_heading.default\">\n\t\t\t\t<div class=\"elementor-widget-container\">\n\t\t\t<div class=\"ct-heading h-align-  sub-style1 ct-heading-left item-st-default\">\n\t\t\t<div class=\"item--sub-title style1 show-line\">\n                        Ma\u00dfgeschneidert f\u00fcr kleine und mittlere Bauteile                                <\/div>\n\t    <h3 class=\"item--title st-default \" data-wow-delay=\"ms\">\n                <span>\n            \n            \n                    <\/span>\n            <\/h3>\n<\/div>\t\t<\/div>\n\t\t\t\t<\/div>\n\t\t\t\t<div class=\"elementor-element elementor-element-b4ff245 justify-etilog elementor-invisible elementor-widget elementor-widget-text-editor\" data-id=\"b4ff245\" data-element_type=\"widget\" data-settings=\"{&quot;_animation&quot;:&quot;slideInLeft&quot;}\" data-widget_type=\"text-editor.default\">\n\t\t\t\t<div class=\"elementor-widget-container\">\n\t\t\t<style>\/*! elementor - v3.8.0 - 30-10-2022 *\/\n.elementor-widget-text-editor.elementor-drop-cap-view-stacked .elementor-drop-cap{background-color:#818a91;color:#fff}.elementor-widget-text-editor.elementor-drop-cap-view-framed .elementor-drop-cap{color:#818a91;border:3px solid;background-color:transparent}.elementor-widget-text-editor:not(.elementor-drop-cap-view-default) .elementor-drop-cap{margin-top:8px}.elementor-widget-text-editor:not(.elementor-drop-cap-view-default) .elementor-drop-cap-letter{width:1em;height:1em}.elementor-widget-text-editor .elementor-drop-cap{float:left;text-align:center;line-height:1;font-size:50px}.elementor-widget-text-editor .elementor-drop-cap-letter{display:inline-block}<\/style>\t\t\t\t<p style=\"text-align: justify;\"><span class=\"TextRun SCXW60775969 BCX9\" lang=\"SK-SK\" xml:lang=\"SK-SK\" data-contrast=\"none\"><span class=\"NormalTextRun SCXW60775969 BCX9\">Individuelle Trays von Etilog sind die ideale Verpackung f\u00fcr kleine und mittelgro\u00dfe Bauteile bei speziellen Gr\u00f6\u00dfenanforderungen fern dem Standard. Passend dazu fertigen wir f\u00fcr all unsere Tray L\u00f6sungen auch passgenaue Textilgefache mit nahezu unendlichen Gestaltungsm\u00f6glichkeiten.\u00a0<\/span><\/span><span class=\"EOP SCXW60775969 BCX9\" data-ccp-props=\"{&quot;201341983&quot;:0,&quot;335559739&quot;:160,&quot;335559740&quot;:259}\">\u00a0<\/span><\/p>\t\t\t\t\t\t<\/div>\n\t\t\t\t<\/div>\n\t\t        <section class=\"elementor-section elementor-inner-section elementor-element elementor-element-4de0b1c elementor-section-boxed elementor-section-height-default elementor-section-height-default\" data-id=\"4de0b1c\" data-element_type=\"section\" data-settings=\"{&quot;_ha_eqh_enable&quot;:false}\">\n            \n                        <div class=\"elementor-container elementor-column-gap-default \">\n                    <div class=\"elementor-column elementor-col-100 elementor-inner-column elementor-element elementor-element-3726f1a\" data-id=\"3726f1a\" data-element_type=\"column\">\n            <div class=\"elementor-widget-wrap elementor-element-populated\">\n                        \t\t<div class=\"elementor-element elementor-element-63d4063 elementor-invisible elementor-widget elementor-widget-ct_heading\" data-id=\"63d4063\" data-element_type=\"widget\" data-settings=\"{&quot;_animation&quot;:&quot;slideInLeft&quot;}\" data-widget_type=\"ct_heading.default\">\n\t\t\t\t<div class=\"elementor-widget-container\">\n\t\t\t<div class=\"ct-heading h-align-  sub-style1 ct-heading-left item-st-default\">\n\t\t\t<div class=\"item--sub-title style1 show-line\">\n                        Vorteile                                <\/div>\n\t    <h3 class=\"item--title st-default \" data-wow-delay=\"ms\">\n                <span>\n            \n            \n                    <\/span>\n            <\/h3>\n<\/div>\t\t<\/div>\n\t\t\t\t<\/div>\n\t\t\t\t<div class=\"elementor-element elementor-element-033a43e elementor-widget elementor-widget-ct_progressbar\" data-id=\"033a43e\" data-element_type=\"widget\" data-widget_type=\"ct_progressbar.default\">\n\t\t\t\t<div class=\"elementor-widget-container\">\n\t\t\t    <div class=\"ct-progressbar ct-progressbar3\">\n                    \n            <div class=\"ct-progress-item\">\n                <div class=\"ct-progress-meta\">\n                                            <span class=\"ct-progress-title\">Flexibilit\u00e4t Umbeh\u00e4lter<\/span>\n                                    <\/div>\n                <div class=\"ct-progress-holder\">\n                    <div class=\"ct-progress-bar\" role=\"progressbar\" data-valuetransitiongoal=\"75\">\n                        <div class=\"ct-progress-percentage\">75%<\/div>\n                    <\/div>\n                <\/div>\n            <\/div>\n            <\/div>\n\t\t<\/div>\n\t\t\t\t<\/div>\n\t\t\t\t<div class=\"elementor-element elementor-element-7505690 elementor-widget elementor-widget-ct_progressbar\" data-id=\"7505690\" data-element_type=\"widget\" data-widget_type=\"ct_progressbar.default\">\n\t\t\t\t<div class=\"elementor-widget-container\">\n\t\t\t    <div class=\"ct-progressbar ct-progressbar3\">\n                    \n            <div class=\"ct-progress-item\">\n                <div class=\"ct-progress-meta\">\n                                            <span class=\"ct-progress-title\">Flexibilit\u00e4t Innenleben<\/span>\n                                    <\/div>\n                <div class=\"ct-progress-holder\">\n                    <div class=\"ct-progress-bar\" role=\"progressbar\" data-valuetransitiongoal=\"100\">\n                        <div class=\"ct-progress-percentage\">100%<\/div>\n                    <\/div>\n                <\/div>\n            <\/div>\n            <\/div>\n\t\t<\/div>\n\t\t\t\t<\/div>\n\t\t\t\t<div class=\"elementor-element elementor-element-dcb2784 elementor-widget elementor-widget-ct_progressbar\" data-id=\"dcb2784\" data-element_type=\"widget\" data-widget_type=\"ct_progressbar.default\">\n\t\t\t\t<div class=\"elementor-widget-container\">\n\t\t\t    <div class=\"ct-progressbar ct-progressbar3\">\n                    \n            <div class=\"ct-progress-item\">\n                <div class=\"ct-progress-meta\">\n                                            <span class=\"ct-progress-title\">Preis<\/span>\n                                    <\/div>\n                <div class=\"ct-progress-holder\">\n                    <div class=\"ct-progress-bar\" role=\"progressbar\" data-valuetransitiongoal=\"50\">\n                        <div class=\"ct-progress-percentage\">50%<\/div>\n                    <\/div>\n                <\/div>\n            <\/div>\n            <\/div>\n\t\t<\/div>\n\t\t\t\t<\/div>\n\t\t            <\/div>\n        <\/div>\n                            <\/div>\n        <\/section>\n                    <\/div>\n        <\/div>\n                <div class=\"elementor-column elementor-col-50 elementor-top-column elementor-element elementor-element-72b4e90 elementor-invisible\" data-id=\"72b4e90\" data-element_type=\"column\" data-settings=\"{&quot;animation&quot;:&quot;slideInRight&quot;}\">\n            <div class=\"elementor-widget-wrap elementor-element-populated\">\n                        \t\t<div class=\"elementor-element elementor-element-8eea630 elementor-widget elementor-widget-image\" data-id=\"8eea630\" data-element_type=\"widget\" data-widget_type=\"image.default\">\n\t\t\t\t<div class=\"elementor-widget-container\">\n\t\t\t<style>\/*! elementor - v3.8.0 - 30-10-2022 *\/\n.elementor-widget-image{text-align:center}.elementor-widget-image a{display:inline-block}.elementor-widget-image a img[src$=\".svg\"]{width:48px}.elementor-widget-image img{vertical-align:middle;display:inline-block}<\/style>\t\t\t\t\t\t\t\t\t\t\t\t<img decoding=\"async\" width=\"620\" height=\"460\" src=\"https:\/\/etilog.com\/wumeecir\/individual-asode.png\" class=\"attachment-large size-large\" alt=\"\" srcset=\"https:\/\/etilog.com\/wumeecir\/individual-asode.png 620w, https:\/\/etilog.com\/wumeecir\/individual-asode-300x223.png 300w\" sizes=\"(max-width: 620px) 100vw, 620px\" \/>\t\t\t\t\t\t\t\t\t\t\t\t\t\t\t<\/div>\n\t\t\t\t<\/div>\n\t\t            <\/div>\n        <\/div>\n                            <\/div>\n        <\/section>\n                <section class=\"elementor-section elementor-top-section elementor-element elementor-element-411d57f elementor-section-height-min-height elementor-section-stretched elementor-section-boxed elementor-section-height-default elementor-section-items-middle\" data-id=\"411d57f\" data-element_type=\"section\" data-settings=\"{&quot;stretch_section&quot;:&quot;section-stretched&quot;,&quot;background_background&quot;:&quot;classic&quot;,&quot;_ha_eqh_enable&quot;:false}\">\n            \n                        <div class=\"elementor-container elementor-column-gap-default \">\n                    <div class=\"elementor-column elementor-col-100 elementor-top-column elementor-element elementor-element-e88794b elementor-invisible\" data-id=\"e88794b\" data-element_type=\"column\" data-settings=\"{&quot;animation&quot;:&quot;slideInLeft&quot;}\">\n            <div class=\"elementor-widget-wrap elementor-element-populated\">\n                        \t\t<div class=\"elementor-element elementor-element-1aebec0 elementor-widget elementor-widget-heading\" data-id=\"1aebec0\" data-element_type=\"widget\" data-widget_type=\"heading.default\">\n\t\t\t\t<div class=\"elementor-widget-container\">\n\t\t\t<h2 class=\"elementor-heading-title elementor-size-default\">Individuelle Trays<\/h2>\t\t<\/div>\n\t\t\t\t<\/div>\n\t\t\t\t<div class=\"elementor-element elementor-element-86fef2e elementor-widget elementor-widget-ct_heading\" data-id=\"86fef2e\" data-element_type=\"widget\" data-widget_type=\"ct_heading.default\">\n\t\t\t\t<div class=\"elementor-widget-container\">\n\t\t\t<div class=\"ct-heading h-align-  sub-style1 ct-heading-left item-st-default\">\n\t\t\t<div class=\"item--sub-title style1 show-line\">\n                        L\u00f6sungen made by ETILOG                                <\/div>\n\t    <h3 class=\"item--title st-default \" data-wow-delay=\"ms\">\n                <span>\n            \n            \n                    <\/span>\n            <\/h3>\n<\/div>\t\t<\/div>\n\t\t\t\t<\/div>\n\t\t\t\t<div class=\"elementor-element elementor-element-a5aa0be elementor-grid-4 elementor-grid-tablet-2 elementor-grid-mobile-1 elementor-widget elementor-widget-portfolio\" data-id=\"a5aa0be\" data-element_type=\"widget\" data-settings=\"{&quot;columns&quot;:&quot;4&quot;,&quot;item_ratio&quot;:{&quot;unit&quot;:&quot;px&quot;,&quot;size&quot;:0.79,&quot;sizes&quot;:[]},&quot;columns_tablet&quot;:&quot;2&quot;,&quot;columns_mobile&quot;:&quot;1&quot;,&quot;item_gap&quot;:{&quot;unit&quot;:&quot;px&quot;,&quot;size&quot;:&quot;&quot;,&quot;sizes&quot;:[]},&quot;row_gap&quot;:{&quot;unit&quot;:&quot;px&quot;,&quot;size&quot;:&quot;&quot;,&quot;sizes&quot;:[]}}\" data-widget_type=\"portfolio.default\">\n\t\t\t\t<div class=\"elementor-widget-container\">\n\t\t\t<link rel=\"stylesheet\" href=\"https:\/\/etilog.com\/thoothyw\/elementor-pro\/assets\/css\/widget-posts.min.css\">\t\t<div class=\"elementor-portfolio elementor-grid elementor-posts-container\">\n\t\t\t\t<article class=\"elementor-portfolio-item elementor-post  post-20309 case-study type-case-study status-publish has-post-thumbnail hentry\">\n\t\t\t<a class=\"elementor-post__thumbnail__link\" href=\"https:\/\/etilog.com\/de\/losung\/high-density-packaging-solution\/\">\n\t\t\t\t<div class=\"elementor-portfolio-item__img elementor-post__thumbnail\">\n\t\t\t<img decoding=\"async\" width=\"700\" height=\"600\" src=\"https:\/\/etilog.com\/wumeecir\/FG100391_main-1.jpg\" class=\"attachment-full size-full\" alt=\"\" srcset=\"https:\/\/etilog.com\/wumeecir\/FG100391_main-1.jpg 700w, https:\/\/etilog.com\/wumeecir\/FG100391_main-1-300x257.jpg 300w\" sizes=\"(max-width: 700px) 100vw, 700px\" \/>\t\t<\/div>\n\t\t\t\t<div class=\"elementor-portfolio-item__overlay\">\n\t\t\t\t<\/div>\n\t\t\t\t<\/a>\n\t\t<\/article>\n\t\t\t\t<article class=\"elementor-portfolio-item elementor-post  post-20287 case-study type-case-study status-publish has-post-thumbnail hentry tag-steel-de-2\">\n\t\t\t<a class=\"elementor-post__thumbnail__link\" href=\"https:\/\/etilog.com\/de\/losung\/steering-wheel-packing-concept\/\">\n\t\t\t\t<div class=\"elementor-portfolio-item__img elementor-post__thumbnail\">\n\t\t\t<img decoding=\"async\" width=\"700\" height=\"600\" src=\"https:\/\/etilog.com\/wumeecir\/EA142000136_7.jpg\" class=\"attachment-full size-full\" alt=\"\" srcset=\"https:\/\/etilog.com\/wumeecir\/EA142000136_7.jpg 700w, https:\/\/etilog.com\/wumeecir\/EA142000136_7-300x257.jpg 300w\" sizes=\"(max-width: 700px) 100vw, 700px\" \/>\t\t<\/div>\n\t\t\t\t<div class=\"elementor-portfolio-item__overlay\">\n\t\t\t\t<\/div>\n\t\t\t\t<\/a>\n\t\t<\/article>\n\t\t\t\t<article class=\"elementor-portfolio-item elementor-post  post-20290 case-study type-case-study status-publish has-post-thumbnail hentry\">\n\t\t\t<a class=\"elementor-post__thumbnail__link\" href=\"https:\/\/etilog.com\/de\/losung\/large-exterior-component-packaging-solutions\/\">\n\t\t\t\t<div class=\"elementor-portfolio-item__img elementor-post__thumbnail\">\n\t\t\t<img decoding=\"async\" width=\"700\" height=\"600\" src=\"https:\/\/etilog.com\/wumeecir\/FG100337_1.jpg\" class=\"attachment-full size-full\" alt=\"\" srcset=\"https:\/\/etilog.com\/wumeecir\/FG100337_1.jpg 700w, https:\/\/etilog.com\/wumeecir\/FG100337_1-300x257.jpg 300w\" sizes=\"(max-width: 700px) 100vw, 700px\" \/>\t\t<\/div>\n\t\t\t\t<div class=\"elementor-portfolio-item__overlay\">\n\t\t\t\t<\/div>\n\t\t\t\t<\/a>\n\t\t<\/article>\n\t\t\t\t<article class=\"elementor-portfolio-item elementor-post  post-20260 case-study type-case-study status-publish has-post-thumbnail hentry case-study-category-english\">\n\t\t\t<a class=\"elementor-post__thumbnail__link\" href=\"https:\/\/etilog.com\/de\/losung\/interior-panel-packing-solution\/\">\n\t\t\t\t<div class=\"elementor-portfolio-item__img elementor-post__thumbnail\">\n\t\t\t<img decoding=\"async\" width=\"700\" height=\"600\" src=\"https:\/\/etilog.com\/wumeecir\/AU58X_1-2.jpg\" class=\"attachment-full size-full\" alt=\"\" srcset=\"https:\/\/etilog.com\/wumeecir\/AU58X_1-2.jpg 700w, https:\/\/etilog.com\/wumeecir\/AU58X_1-2-300x257.jpg 300w\" sizes=\"(max-width: 700px) 100vw, 700px\" \/>\t\t<\/div>\n\t\t\t\t<div class=\"elementor-portfolio-item__overlay\">\n\t\t\t\t<\/div>\n\t\t\t\t<\/a>\n\t\t<\/article>\n\t\t\t\t<article class=\"elementor-portfolio-item elementor-post  post-20296 case-study type-case-study status-publish has-post-thumbnail hentry tag-individual-de\">\n\t\t\t<a class=\"elementor-post__thumbnail__link\" href=\"https:\/\/etilog.com\/de\/losung\/exterior-accent-part-packaging-solution\/\">\n\t\t\t\t<div class=\"elementor-portfolio-item__img elementor-post__thumbnail\">\n\t\t\t<img decoding=\"async\" width=\"700\" height=\"600\" src=\"https:\/\/etilog.com\/wumeecir\/FG100XXX1_main.jpg\" class=\"attachment-full size-full\" alt=\"\" srcset=\"https:\/\/etilog.com\/wumeecir\/FG100XXX1_main.jpg 700w, https:\/\/etilog.com\/wumeecir\/FG100XXX1_main-300x257.jpg 300w\" sizes=\"(max-width: 700px) 100vw, 700px\" \/>\t\t<\/div>\n\t\t\t\t<div class=\"elementor-portfolio-item__overlay\">\n\t\t\t\t<\/div>\n\t\t\t\t<\/a>\n\t\t<\/article>\n\t\t\t\t<article class=\"elementor-portfolio-item elementor-post  post-20307 case-study type-case-study status-publish has-post-thumbnail hentry tag-flcs-de\">\n\t\t\t<a class=\"elementor-post__thumbnail__link\" href=\"https:\/\/etilog.com\/de\/losung\/wheelhouse-cladding-packaging\/\">\n\t\t\t\t<div class=\"elementor-portfolio-item__img elementor-post__thumbnail\">\n\t\t\t<img decoding=\"async\" width=\"700\" height=\"600\" src=\"https:\/\/etilog.com\/wumeecir\/FG100460_main-2.jpg\" class=\"attachment-full size-full\" alt=\"\" srcset=\"https:\/\/etilog.com\/wumeecir\/FG100460_main-2.jpg 700w, https:\/\/etilog.com\/wumeecir\/FG100460_main-2-300x257.jpg 300w\" sizes=\"(max-width: 700px) 100vw, 700px\" \/>\t\t<\/div>\n\t\t\t\t<div class=\"elementor-portfolio-item__overlay\">\n\t\t\t\t<\/div>\n\t\t\t\t<\/a>\n\t\t<\/article>\n\t\t\t\t<article class=\"elementor-portfolio-item elementor-post  post-20225 case-study type-case-study status-publish has-post-thumbnail hentry\">\n\t\t\t<a class=\"elementor-post__thumbnail__link\" href=\"https:\/\/etilog.com\/de\/losung\/interior-door-bottom-component-packing-solution\/\">\n\t\t\t\t<div class=\"elementor-portfolio-item__img elementor-post__thumbnail\">\n\t\t\t<img decoding=\"async\" width=\"700\" height=\"600\" src=\"https:\/\/etilog.com\/wumeecir\/FG100321_1.jpg\" class=\"attachment-full size-full\" alt=\"\" srcset=\"https:\/\/etilog.com\/wumeecir\/FG100321_1.jpg 700w, https:\/\/etilog.com\/wumeecir\/FG100321_1-300x257.jpg 300w\" sizes=\"(max-width: 700px) 100vw, 700px\" \/>\t\t<\/div>\n\t\t\t\t<div class=\"elementor-portfolio-item__overlay\">\n\t\t\t\t<\/div>\n\t\t\t\t<\/a>\n\t\t<\/article>\n\t\t\t\t<article class=\"elementor-portfolio-item elementor-post  post-20297 case-study type-case-study status-publish has-post-thumbnail hentry tag-tugger-de\">\n\t\t\t<a class=\"elementor-post__thumbnail__link\" href=\"https:\/\/etilog.com\/de\/losung\/intralogistics-tugger-train\/\">\n\t\t\t\t<div class=\"elementor-portfolio-item__img elementor-post__thumbnail\">\n\t\t\t<img decoding=\"async\" width=\"700\" height=\"600\" src=\"https:\/\/etilog.com\/wumeecir\/FG100447_main.jpg\" class=\"attachment-full size-full\" alt=\"\" srcset=\"https:\/\/etilog.com\/wumeecir\/FG100447_main.jpg 700w, https:\/\/etilog.com\/wumeecir\/FG100447_main-300x257.jpg 300w\" sizes=\"(max-width: 700px) 100vw, 700px\" \/>\t\t<\/div>\n\t\t\t\t<div class=\"elementor-portfolio-item__overlay\">\n\t\t\t\t<\/div>\n\t\t\t\t<\/a>\n\t\t<\/article>\n\t\t\t\t<\/div>\n\t\t\t\t<\/div>\n\t\t\t\t<\/div>\n\t\t            <\/div>\n        <\/div>\n                            <\/div>\n        <\/section>\n                <section class=\"elementor-section elementor-top-section elementor-element elementor-element-a53a514 elementor-section-boxed elementor-section-height-default elementor-section-height-default\" data-id=\"a53a514\" data-element_type=\"section\" data-settings=\"{&quot;background_background&quot;:&quot;classic&quot;,&quot;_ha_eqh_enable&quot;:false}\">\n            \n                        <div class=\"elementor-container elementor-column-gap-default \">\n                    <div class=\"elementor-column elementor-col-50 elementor-top-column elementor-element elementor-element-4ff89fc\" data-id=\"4ff89fc\" data-element_type=\"column\">\n            <div class=\"elementor-widget-wrap elementor-element-populated\">\n                        \t\t<div class=\"elementor-element elementor-element-e53c197 elementor-widget elementor-widget-heading\" data-id=\"e53c197\" data-element_type=\"widget\" data-widget_type=\"heading.default\">\n\t\t\t\t<div class=\"elementor-widget-container\">\n\t\t\t<h2 class=\"elementor-heading-title elementor-size-default\">Erkunden Sie unsere L\u00f6sungsdatenbank mit allen Innovationen made by ETILOG<\/h2>\t\t<\/div>\n\t\t\t\t<\/div>\n\t\t            <\/div>\n        <\/div>\n                <div class=\"elementor-column elementor-col-50 elementor-top-column elementor-element elementor-element-d618215\" data-id=\"d618215\" data-element_type=\"column\">\n            <div class=\"elementor-widget-wrap elementor-element-populated\">\n                        \t\t<div class=\"elementor-element elementor-element-31ddc93 elementor-widget elementor-widget-ct_button\" data-id=\"31ddc93\" data-element_type=\"widget\" data-widget_type=\"ct_button.default\">\n\t\t\t\t<div class=\"elementor-widget-container\">\n\t\t\t<div class=\"ct-button-wrapper ct-button-layout1 icon- btn--inline \">\n            <span class=\"ct-icon-active\"><\/span>\n        <a href=\"\/de\/loesungen\/?platforms=Individuelle%20Boxen\" class=\"btn btn-effect icon-active btn-inline-block  \" data-wow-delay=\"ms\">\n                            <span class=\"ct-button-icon ct-align-icon-\">\n                            <\/span>\n                <span class=\"ct-button-text\">L\u00d6SUNGEN<\/span>\n    <\/a>\n<\/div>\t\t<\/div>\n\t\t\t\t<\/div>\n\t\t            <\/div>\n        <\/div>\n                            <\/div>\n        <\/section>\n        \t\t\t\t\t<\/div>\n\t\t","protected":false},"excerpt":{"rendered":"<p>Individuelle Trays Ma\u00dfgeschneidert f\u00fcr kleine und mittlere Bauteile Individuelle Trays von Etilog sind die ideale Verpackung f\u00fcr kleine und mittelgro\u00dfe Bauteile bei speziellen Gr\u00f6\u00dfenanforderungen fern dem Standard. Passend dazu fertigen wir f\u00fcr all unsere Tray L\u00f6sungen auch passgenaue Textilgefache mit nahezu unendlichen Gestaltungsm\u00f6glichkeiten.\u00a0\u00a0 Vorteile Flexibilit\u00e4t Umbeh\u00e4lter 75% Flexibilit\u00e4t Innenleben 100% Preis 50% Individuelle Trays L\u00f6sungen [&hellip;]<\/p>\n","protected":false},"author":11,"featured_media":0,"parent":0,"menu_order":0,"comment_status":"closed","ping_status":"closed","template":"","meta":{"_mi_skip_tracking":false,"footnotes":""},"class_list":["post-16041","page","type-page","status-publish","hentry"],"acf":[],"_links":{"self":[{"href":"https:\/\/etilog.com\/de\/wp-json\/wp\/v2\/pages\/16041","targetHints":{"allow":["GET"]}}],"collection":[{"href":"https:\/\/etilog.com\/de\/wp-json\/wp\/v2\/pages"}],"about":[{"href":"https:\/\/etilog.com\/de\/wp-json\/wp\/v2\/types\/page"}],"author":[{"embeddable":true,"href":"https:\/\/etilog.com\/de\/wp-json\/wp\/v2\/users\/11"}],"replies":[{"embeddable":true,"href":"https:\/\/etilog.com\/de\/wp-json\/wp\/v2\/comments?post=16041"}],"version-history":[{"count":7,"href":"https:\/\/etilog.com\/de\/wp-json\/wp\/v2\/pages\/16041\/revisions"}],"predecessor-version":[{"id":20363,"href":"https:\/\/etilog.com\/de\/wp-json\/wp\/v2\/pages\/16041\/revisions\/20363"}],"wp:attachment":[{"href":"https:\/\/etilog.com\/de\/wp-json\/wp\/v2\/media?parent=16041"}],"curies":[{"name":"wp","href":"https:\/\/api.w.org\/{rel}","templated":true}]}}